{"id":786,"date":"2023-05-03T06:28:43","date_gmt":"2023-05-03T10:28:43","guid":{"rendered":"http:\/\/une.edu.ve\/?page_id=786"},"modified":"2023-09-22T15:28:16","modified_gmt":"2023-09-22T19:28:16","slug":"desarrollo-academico","status":"publish","type":"page","link":"https:\/\/une.edu.ve\/?page_id=786","title":{"rendered":"Desarrollo Acad\u00e9mico"},"content":{"rendered":"\t\t<div data-elementor-type=\"wp-page\" data-elementor-id=\"786\" class=\"elementor elementor-786\" data-elementor-post-type=\"page\">\n\t\t\t\t<div class=\"elementor-element elementor-element-8e6f54e e-flex e-con-boxed e-con e-parent\" data-id=\"8e6f54e\" data-element_type=\"container\">\n\t\t\t\t\t<div class=\"e-con-inner\">\n\t\t\t\t<div class=\"elementor-element elementor-element-bba5d36 elementor-widget elementor-widget-heading\" data-id=\"bba5d36\" data-element_type=\"widget\" data-widget_type=\"heading.default\">\n\t\t\t\t<div class=\"elementor-widget-container\">\n\t\t\t<h2 class=\"elementor-heading-title elementor-size-default\">Desarrollo Acad\u00e9mico<\/h2>\t\t<\/div>\n\t\t\t\t<\/div>\n\t\t\t\t\t<\/div>\n\t\t\t\t<\/div>\n\t\t<div class=\"elementor-element elementor-element-a8be427 e-flex e-con-boxed e-con e-parent\" data-id=\"a8be427\" data-element_type=\"container\">\n\t\t\t\t\t<div class=\"e-con-inner\">\n\t\t<div class=\"elementor-element elementor-element-9a16e2a e-flex e-con-boxed e-con e-parent\" data-id=\"9a16e2a\" data-element_type=\"container\">\n\t\t\t\t\t<div class=\"e-con-inner\">\n\t\t<div class=\"elementor-element elementor-element-2b93ae2 e-flex e-con-boxed e-con e-parent\" data-id=\"2b93ae2\" data-element_type=\"container\" data-settings=\"{&quot;background_background&quot;:&quot;classic&quot;}\">\n\t\t\t\t\t<div class=\"e-con-inner\">\n\t\t<div class=\"elementor-element elementor-element-0a22405 e-flex e-con-boxed e-con e-parent\" data-id=\"0a22405\" data-element_type=\"container\" data-settings=\"{&quot;background_background&quot;:&quot;classic&quot;}\">\n\t\t\t\t\t<div class=\"e-con-inner\">\n\t\t\t\t<div class=\"elementor-element elementor-element-9c8a9b3 elementor-widget elementor-widget-heading\" data-id=\"9c8a9b3\" data-element_type=\"widget\" data-widget_type=\"heading.default\">\n\t\t\t\t<div class=\"elementor-widget-container\">\n\t\t\t<h2 class=\"elementor-heading-title elementor-size-default\">Vicerrectorado Acad\u00e9mico<\/h2>\t\t<\/div>\n\t\t\t\t<\/div>\n\t\t\t\t<div class=\"elementor-element elementor-element-637d4f1 elementor-widget elementor-widget-text-editor\" data-id=\"637d4f1\" data-element_type=\"widget\" data-widget_type=\"text-editor.default\">\n\t\t\t\t<div class=\"elementor-widget-container\">\n\t\t\t\t\t\t\t<div class=\"info_organismo\"><p>El Vicerrectorado Acad\u00e9mico tiene como misi\u00f3n formular, planificar y coordinar las pol\u00edticas y estrategias tendientes al fomento y desarrollo de las actividades de docencia e investigaci\u00f3n.<\/p><p>El Vicerrectorado Acad\u00e9mico garantiza institucionalmente la adaptaci\u00f3n de las pol\u00edticas acad\u00e9micas de la Universidad Nueva Esparta a un contexto social de permanente cambio.<\/p><\/div>\t\t\t\t\t\t<\/div>\n\t\t\t\t<\/div>\n\t\t\t\t<div class=\"elementor-element elementor-element-6f3b92b elementor-mobile-align-center elementor-widget elementor-widget-button\" data-id=\"6f3b92b\" data-element_type=\"widget\" data-widget_type=\"button.default\">\n\t\t\t\t<div class=\"elementor-widget-container\">\n\t\t\t\t\t\t\t<div class=\"elementor-button-wrapper\">\n\t\t\t\t\t<a class=\"elementor-button elementor-button-link elementor-size-sm\" href=\"https:\/\/une.edu.ve\/?page_id=1167\">\n\t\t\t\t\t\t<span class=\"elementor-button-content-wrapper\">\n\t\t\t\t\t\t\t\t\t<span class=\"elementor-button-text\">Ver M\u00e1s<\/span>\n\t\t\t\t\t<\/span>\n\t\t\t\t\t<\/a>\n\t\t\t\t<\/div>\n\t\t\t\t\t\t<\/div>\n\t\t\t\t<\/div>\n\t\t\t\t\t<\/div>\n\t\t\t\t<\/div>\n\t\t\t\t\t<\/div>\n\t\t\t\t<\/div>\n\t\t<div class=\"elementor-element elementor-element-9ff50be e-flex e-con-boxed e-con e-parent\" data-id=\"9ff50be\" data-element_type=\"container\" data-settings=\"{&quot;background_background&quot;:&quot;classic&quot;}\">\n\t\t\t\t\t<div class=\"e-con-inner\">\n\t\t<div class=\"elementor-element elementor-element-f5f05d3 e-flex e-con-boxed e-con e-parent\" data-id=\"f5f05d3\" data-element_type=\"container\" data-settings=\"{&quot;background_background&quot;:&quot;classic&quot;}\">\n\t\t\t\t\t<div class=\"e-con-inner\">\n\t\t\t\t<div class=\"elementor-element elementor-element-d98f03f elementor-widget elementor-widget-heading\" data-id=\"d98f03f\" data-element_type=\"widget\" data-widget_type=\"heading.default\">\n\t\t\t\t<div class=\"elementor-widget-container\">\n\t\t\t<h2 class=\"elementor-heading-title elementor-size-default\">Servicio Comunitario<\/h2>\t\t<\/div>\n\t\t\t\t<\/div>\n\t\t\t\t<div class=\"elementor-element elementor-element-794499d elementor-widget elementor-widget-text-editor\" data-id=\"794499d\" data-element_type=\"widget\" data-widget_type=\"text-editor.default\">\n\t\t\t\t<div class=\"elementor-widget-container\">\n\t\t\t\t\t\t\t<p>El Servicio Comunitario en la UNE brinda a las y los estudiantes de esta Casa de Estudios, a partir del 6to Semestre, la oportunidad de estrechar v\u00ednculos con diferentes comunidades, instituciones u organizaciones a trav\u00e9s de experiencias, encuentros y trabajo mancomunado, en donde el di\u00e1logo de saberes y el intercambio entre las esferas acad\u00e9mica y humana se enriquezcan y articulen en funci\u00f3n de la generaci\u00f3n de aportes espec\u00edficos que redunden en beneficio de la colectividad. <\/p>\t\t\t\t\t\t<\/div>\n\t\t\t\t<\/div>\n\t\t\t\t<div class=\"elementor-element elementor-element-1601a2d elementor-mobile-align-center elementor-widget elementor-widget-button\" data-id=\"1601a2d\" data-element_type=\"widget\" data-widget_type=\"button.default\">\n\t\t\t\t<div class=\"elementor-widget-container\">\n\t\t\t\t\t\t\t<div class=\"elementor-button-wrapper\">\n\t\t\t\t\t<a class=\"elementor-button elementor-button-link elementor-size-sm\" href=\"http:\/\/sirius.une.edu.ve\/une\/servicio_comunitario.html\">\n\t\t\t\t\t\t<span class=\"elementor-button-content-wrapper\">\n\t\t\t\t\t\t\t\t\t<span class=\"elementor-button-text\">Ver M\u00e1s<\/span>\n\t\t\t\t\t<\/span>\n\t\t\t\t\t<\/a>\n\t\t\t\t<\/div>\n\t\t\t\t\t\t<\/div>\n\t\t\t\t<\/div>\n\t\t\t\t\t<\/div>\n\t\t\t\t<\/div>\n\t\t\t\t\t<\/div>\n\t\t\t\t<\/div>\n\t\t<div class=\"elementor-element elementor-element-d8ff806 e-flex e-con-boxed e-con e-parent\" data-id=\"d8ff806\" data-element_type=\"container\" data-settings=\"{&quot;background_background&quot;:&quot;classic&quot;}\">\n\t\t\t\t\t<div class=\"e-con-inner\">\n\t\t<div class=\"elementor-element elementor-element-b303f97 e-flex e-con-boxed e-con e-parent\" data-id=\"b303f97\" data-element_type=\"container\" data-settings=\"{&quot;background_background&quot;:&quot;classic&quot;}\">\n\t\t\t\t\t<div class=\"e-con-inner\">\n\t\t\t\t<div class=\"elementor-element elementor-element-3ce9459 elementor-widget elementor-widget-heading\" data-id=\"3ce9459\" data-element_type=\"widget\" data-widget_type=\"heading.default\">\n\t\t\t\t<div class=\"elementor-widget-container\">\n\t\t\t<h2 class=\"elementor-heading-title elementor-size-default\">Consejo de Desarrollo Cient\u00edfico, Human\u00edstico y Tecnol\u00f3gico<\/h2>\t\t<\/div>\n\t\t\t\t<\/div>\n\t\t\t\t<div class=\"elementor-element elementor-element-6608422 elementor-widget elementor-widget-text-editor\" data-id=\"6608422\" data-element_type=\"widget\" data-widget_type=\"text-editor.default\">\n\t\t\t\t<div class=\"elementor-widget-container\">\n\t\t\t\t\t\t\t<p>El Consejo de Desarrollo Cient\u00edfico, Human\u00edstico y Tecnol\u00f3gico es la instancia colegiada que sirve de apoyo t\u00e9cnico al Rector y al Vicerrector Acad\u00e9mico para la coordinaci\u00f3n de los asuntos relacionados con la investigaci\u00f3n en la Universidad.<\/p>\t\t\t\t\t\t<\/div>\n\t\t\t\t<\/div>\n\t\t\t\t<div class=\"elementor-element elementor-element-63daeff elementor-mobile-align-center elementor-widget elementor-widget-button\" data-id=\"63daeff\" data-element_type=\"widget\" data-widget_type=\"button.default\">\n\t\t\t\t<div class=\"elementor-widget-container\">\n\t\t\t\t\t\t\t<div class=\"elementor-button-wrapper\">\n\t\t\t\t\t<a class=\"elementor-button elementor-button-link elementor-size-sm\" href=\"http:\/\/sirius.une.edu.ve\/une\/consejo%20de%20desarrollo%20cientifico%20humanistico%20y%20tecnologico.php\">\n\t\t\t\t\t\t<span class=\"elementor-button-content-wrapper\">\n\t\t\t\t\t\t\t\t\t<span class=\"elementor-button-text\">Ver M\u00e1s<\/span>\n\t\t\t\t\t<\/span>\n\t\t\t\t\t<\/a>\n\t\t\t\t<\/div>\n\t\t\t\t\t\t<\/div>\n\t\t\t\t<\/div>\n\t\t\t\t\t<\/div>\n\t\t\t\t<\/div>\n\t\t\t\t\t<\/div>\n\t\t\t\t<\/div>\n\t\t\t\t\t<\/div>\n\t\t\t\t<\/div>\n\t\t<div class=\"elementor-element elementor-element-c8172bc e-flex e-con-boxed e-con e-parent\" data-id=\"c8172bc\" data-element_type=\"container\">\n\t\t\t\t\t<div class=\"e-con-inner\">\n\t\t<div class=\"elementor-element elementor-element-e65bcf1 e-flex e-con-boxed e-con e-parent\" data-id=\"e65bcf1\" data-element_type=\"container\" data-settings=\"{&quot;background_background&quot;:&quot;classic&quot;}\">\n\t\t\t\t\t<div class=\"e-con-inner\">\n\t\t<div class=\"elementor-element elementor-element-d4337a4 e-flex e-con-boxed e-con e-parent\" data-id=\"d4337a4\" data-element_type=\"container\" data-settings=\"{&quot;background_background&quot;:&quot;classic&quot;}\">\n\t\t\t\t\t<div class=\"e-con-inner\">\n\t\t\t\t<div class=\"elementor-element elementor-element-6e1f52c elementor-widget elementor-widget-heading\" data-id=\"6e1f52c\" data-element_type=\"widget\" data-widget_type=\"heading.default\">\n\t\t\t\t<div class=\"elementor-widget-container\">\n\t\t\t<h2 class=\"elementor-heading-title elementor-size-default\">Direcci\u00f3n de Bienestar Estudiantil<\/h2>\t\t<\/div>\n\t\t\t\t<\/div>\n\t\t\t\t<div class=\"elementor-element elementor-element-33cf10a elementor-widget elementor-widget-text-editor\" data-id=\"33cf10a\" data-element_type=\"widget\" data-widget_type=\"text-editor.default\">\n\t\t\t\t<div class=\"elementor-widget-container\">\n\t\t\t\t\t\t\t<p>Direcci\u00f3n de Bienestar Estudiantil, es una unidad administrativa de apoyo, que est\u00e1 al servicio del bienestar integral del estudiante y\/o cualquier otro miembro de la comunidad une\u00edsta, que aborda en especial, programas relacionados con la salud integral, orientaci\u00f3n personal, emocional, asesoramiento vocacional y acad\u00e9mico, apoyo social, bienestar general y actividades recreativas.<\/p>\t\t\t\t\t\t<\/div>\n\t\t\t\t<\/div>\n\t\t\t\t<div class=\"elementor-element elementor-element-1846eff elementor-mobile-align-center elementor-widget elementor-widget-button\" data-id=\"1846eff\" data-element_type=\"widget\" data-widget_type=\"button.default\">\n\t\t\t\t<div class=\"elementor-widget-container\">\n\t\t\t\t\t\t\t<div class=\"elementor-button-wrapper\">\n\t\t\t\t\t<a class=\"elementor-button elementor-button-link elementor-size-sm\" href=\"http:\/\/sirius.une.edu.ve\/une\/aseune.php\">\n\t\t\t\t\t\t<span class=\"elementor-button-content-wrapper\">\n\t\t\t\t\t\t\t\t\t<span class=\"elementor-button-text\">Ver M\u00e1s<\/span>\n\t\t\t\t\t<\/span>\n\t\t\t\t\t<\/a>\n\t\t\t\t<\/div>\n\t\t\t\t\t\t<\/div>\n\t\t\t\t<\/div>\n\t\t\t\t\t<\/div>\n\t\t\t\t<\/div>\n\t\t\t\t\t<\/div>\n\t\t\t\t<\/div>\n\t\t<div class=\"elementor-element elementor-element-35713be e-flex e-con-boxed e-con e-parent\" data-id=\"35713be\" data-element_type=\"container\" data-settings=\"{&quot;background_background&quot;:&quot;classic&quot;}\">\n\t\t\t\t\t<div class=\"e-con-inner\">\n\t\t\t\t\t<\/div>\n\t\t\t\t<\/div>\n\t\t<div class=\"elementor-element elementor-element-78dcd37 e-flex e-con-boxed e-con e-parent\" data-id=\"78dcd37\" data-element_type=\"container\" data-settings=\"{&quot;background_background&quot;:&quot;classic&quot;}\">\n\t\t\t\t\t<div class=\"e-con-inner\">\n\t\t\t\t\t<\/div>\n\t\t\t\t<\/div>\n\t\t\t\t\t<\/div>\n\t\t\t\t<\/div>\n\t\t<div class=\"elementor-element elementor-element-547e224 e-flex e-con-boxed e-con e-parent\" data-id=\"547e224\" data-element_type=\"container\">\n\t\t\t\t\t<div class=\"e-con-inner\">\n\t\t\t\t\t<\/div>\n\t\t\t\t<\/div>\n\t\t\t\t\t<\/div>\n\t\t\t\t<\/div>\n\t\t\t\t<\/div>\n\t\t","protected":false},"excerpt":{"rendered":"<p>Desarrollo Acad\u00e9mico Vicerrectorado Acad\u00e9mico El Vicerrectorado Acad\u00e9mico tiene como misi\u00f3n formular, planificar y coordinar las pol\u00edticas y estrategias tendientes al fomento y desarrollo de las actividades de docencia e investigaci\u00f3n. El Vicerrectorado Acad\u00e9mico garantiza institucionalmente la adaptaci\u00f3n de las pol\u00edticas acad\u00e9micas de la Universidad Nueva Esparta a un contexto social de permanente cambio. Ver M\u00e1s [&hellip;]<\/p>\n","protected":false},"author":1,"featured_media":0,"parent":0,"menu_order":0,"comment_status":"closed","ping_status":"closed","template":"","meta":{"footnotes":""},"class_list":["post-786","page","type-page","status-publish","hentry"],"_links":{"self":[{"href":"https:\/\/une.edu.ve\/index.php?rest_route=\/wp\/v2\/pages\/786","targetHints":{"allow":["GET"]}}],"collection":[{"href":"https:\/\/une.edu.ve\/index.php?rest_route=\/wp\/v2\/pages"}],"about":[{"href":"https:\/\/une.edu.ve\/index.php?rest_route=\/wp\/v2\/types\/page"}],"author":[{"embeddable":true,"href":"https:\/\/une.edu.ve\/index.php?rest_route=\/wp\/v2\/users\/1"}],"replies":[{"embeddable":true,"href":"https:\/\/une.edu.ve\/index.php?rest_route=%2Fwp%2Fv2%2Fcomments&post=786"}],"version-history":[{"count":16,"href":"https:\/\/une.edu.ve\/index.php?rest_route=\/wp\/v2\/pages\/786\/revisions"}],"predecessor-version":[{"id":2647,"href":"https:\/\/une.edu.ve\/index.php?rest_route=\/wp\/v2\/pages\/786\/revisions\/2647"}],"wp:attachment":[{"href":"https:\/\/une.edu.ve\/index.php?rest_route=%2Fwp%2Fv2%2Fmedia&parent=786"}],"curies":[{"name":"wp","href":"https:\/\/api.w.org\/{rel}","templated":true}]}}