{"id":777,"date":"2023-05-02T20:05:22","date_gmt":"2023-05-03T00:05:22","guid":{"rendered":"http:\/\/une.edu.ve\/?page_id=777"},"modified":"2023-06-07T13:54:07","modified_gmt":"2023-06-07T17:54:07","slug":"direcciones-de-escuela","status":"publish","type":"page","link":"https:\/\/une.edu.ve\/?page_id=777","title":{"rendered":"Direcciones de Escuela"},"content":{"rendered":"\t\t<div data-elementor-type=\"wp-page\" data-elementor-id=\"777\" class=\"elementor elementor-777\" data-elementor-post-type=\"page\">\n\t\t\t\t<div class=\"elementor-element elementor-element-964b3c2 e-flex e-con-boxed e-con e-parent\" data-id=\"964b3c2\" data-element_type=\"container\" data-settings=\"{&quot;background_background&quot;:&quot;classic&quot;}\">\n\t\t\t\t\t<div class=\"e-con-inner\">\n\t\t\t\t<div class=\"elementor-element elementor-element-86b4199 elementor-widget elementor-widget-heading\" data-id=\"86b4199\" data-element_type=\"widget\" data-widget_type=\"heading.default\">\n\t\t\t\t<div class=\"elementor-widget-container\">\n\t\t\t<h2 class=\"elementor-heading-title elementor-size-default\">Direcciones de Escuela<\/h2>\t\t<\/div>\n\t\t\t\t<\/div>\n\t\t\t\t\t<\/div>\n\t\t\t\t<\/div>\n\t\t<div class=\"elementor-element elementor-element-f20f918 e-flex e-con-boxed e-con e-parent\" data-id=\"f20f918\" data-element_type=\"container\">\n\t\t\t\t\t<div class=\"e-con-inner\">\n\t\t\t\t<div class=\"elementor-element elementor-element-a9a0cfe elementor-grid-3 elementor-grid-tablet-2 elementor-grid-mobile-1 elementor-widget elementor-widget-loop-grid\" data-id=\"a9a0cfe\" data-element_type=\"widget\" data-settings=\"{&quot;template_id&quot;:1135,&quot;pagination_type&quot;:&quot;numbers&quot;,&quot;_skin&quot;:&quot;post&quot;,&quot;columns&quot;:&quot;3&quot;,&quot;columns_tablet&quot;:&quot;2&quot;,&quot;columns_mobile&quot;:&quot;1&quot;,&quot;edit_handle_selector&quot;:&quot;[data-elementor-type=\\&quot;loop-item\\&quot;]&quot;,&quot;pagination_load_type&quot;:&quot;page_reload&quot;,&quot;row_gap&quot;:{&quot;unit&quot;:&quot;px&quot;,&quot;size&quot;:&quot;&quot;,&quot;sizes&quot;:[]},&quot;row_gap_tablet&quot;:{&quot;unit&quot;:&quot;px&quot;,&quot;size&quot;:&quot;&quot;,&quot;sizes&quot;:[]},&quot;row_gap_mobile&quot;:{&quot;unit&quot;:&quot;px&quot;,&quot;size&quot;:&quot;&quot;,&quot;sizes&quot;:[]}}\" data-widget_type=\"loop-grid.post\">\n\t\t\t\t<div class=\"elementor-widget-container\">\n\t\t\t\t\t<div class=\"elementor-loop-container elementor-grid\">\n\t\t<style id=\"loop-1135\">.elementor-1135 .elementor-element.elementor-element-07cac59{--display:flex;--flex-direction:column;--container-widget-width:100%;--container-widget-height:initial;--container-widget-flex-grow:0;--container-widget-align-self:initial;--flex-wrap-mobile:wrap;--gap:0px 0px;--overflow:hidden;--background-transition:0.3s;--border-radius:20px 20px 20px 20px;box-shadow:0px 5px 3px 0px rgba(0,0,0,0.5);--padding-top:0px;--padding-bottom:0px;--padding-left:0px;--padding-right:0px;}.elementor-1135 .elementor-element.elementor-element-07cac59:not(.elementor-motion-effects-element-type-background), .elementor-1135 .elementor-element.elementor-element-07cac59 > .elementor-motion-effects-container > .elementor-motion-effects-layer{background-color:#FFFFFF;}.elementor-1135 .elementor-element.elementor-element-07cac59, .elementor-1135 .elementor-element.elementor-element-07cac59::before{--border-transition:0.3s;}.elementor-widget-theme-post-featured-image .widget-image-caption{color:var( --e-global-color-text );font-family:var( --e-global-typography-text-font-family ), Sans-serif;font-weight:var( --e-global-typography-text-font-weight );}.elementor-1135 .elementor-element.elementor-element-9eb7160 img{height:250px;object-fit:cover;object-position:center center;}.elementor-1135 .elementor-element.elementor-element-236886c{--display:flex;--background-transition:0.3s;--margin-top:-0px;--margin-bottom:0px;--margin-left:0px;--margin-right:0px;--padding-top:20px;--padding-bottom:20px;--padding-left:20px;--padding-right:20px;}.elementor-1135 .elementor-element.elementor-element-236886c:not(.elementor-motion-effects-element-type-background), .elementor-1135 .elementor-element.elementor-element-236886c > .elementor-motion-effects-container > .elementor-motion-effects-layer{background-color:#FFFFFF;}.elementor-1135 .elementor-element.elementor-element-236886c, .elementor-1135 .elementor-element.elementor-element-236886c::before{--border-transition:0.3s;}.elementor-widget-heading .elementor-heading-title{color:var( --e-global-color-primary );font-family:var( --e-global-typography-primary-font-family ), Sans-serif;font-weight:var( --e-global-typography-primary-font-weight );}.elementor-1135 .elementor-element.elementor-element-5d7552f > .elementor-widget-container{padding:0px 0px 0px 0px;}.elementor-1135 .elementor-element.elementor-element-5d7552f{text-align:left;}.elementor-1135 .elementor-element.elementor-element-5d7552f .elementor-heading-title{color:#007587;font-family:\"Montserrat\", Sans-serif;font-size:15px;font-weight:700;}.elementor-widget-post-info .elementor-icon-list-item:not(:last-child):after{border-color:var( --e-global-color-text );}.elementor-widget-post-info .elementor-icon-list-icon i{color:var( --e-global-color-primary );}.elementor-widget-post-info .elementor-icon-list-icon svg{fill:var( --e-global-color-primary );}.elementor-widget-post-info .elementor-icon-list-text, .elementor-widget-post-info .elementor-icon-list-text a{color:var( --e-global-color-secondary );}.elementor-widget-post-info .elementor-icon-list-item{font-family:var( --e-global-typography-text-font-family ), Sans-serif;font-weight:var( --e-global-typography-text-font-weight );}.elementor-1135 .elementor-element.elementor-element-f098fdc .elementor-icon-list-icon{width:14px;}.elementor-1135 .elementor-element.elementor-element-f098fdc .elementor-icon-list-icon i{font-size:14px;}.elementor-1135 .elementor-element.elementor-element-f098fdc .elementor-icon-list-icon svg{--e-icon-list-icon-size:14px;}.elementor-1135 .elementor-element.elementor-element-f098fdc .elementor-icon-list-item{font-family:\"Montserrat\", Sans-serif;font-size:18px;font-weight:700;}.elementor-widget-theme-post-excerpt .elementor-widget-container{color:var( --e-global-color-text );font-family:var( --e-global-typography-text-font-family ), Sans-serif;font-weight:var( --e-global-typography-text-font-weight );}.elementor-1135 .elementor-element.elementor-element-918c5b4 > .elementor-widget-container{padding:0px 0px 0px 10px;}.elementor-1135 .elementor-element.elementor-element-918c5b4 .elementor-widget-container{text-align:left;color:#000000;font-family:\"Montserrat\", Sans-serif;font-size:15px;font-weight:300;}\/* Start custom CSS for container, class: .elementor-element-236886c *\/.infon{\n    \n    margin-top: -70px !important;\n        transition: all .4s;\n    \n}\n\n.infon:hover{\n    \n    margin-top: -170px !important;\n    transition: all .4s;\n    \n}\/* End custom CSS *\/\n\/* Start custom CSS for container, class: .elementor-element-07cac59 *\/.noticia-con{\n    \nheight: 250px;\nmax-height: 250px; \n    \n}\/* End custom CSS *\/<\/style>\t\t<div data-elementor-type=\"loop-item\" data-elementor-id=\"1135\" class=\"elementor elementor-1135 e-loop-item e-loop-item-5858 post-5858 post type-post status-publish format-standard has-post-thumbnail hentry category-administracion-de-empresas category-direccion-de-escuela category-sin-categoria tag-escuela-de-administracion\" data-elementor-post-type=\"elementor_library\" data-custom-edit-handle=\"1\">\n\t\t\t<div class=\"elementor-element elementor-element-07cac59 noticia-con e-flex e-con-boxed e-con e-parent\" data-id=\"07cac59\" data-element_type=\"container\" data-settings=\"{&quot;background_background&quot;:&quot;classic&quot;}\">\n\t\t\t\t\t<div class=\"e-con-inner\">\n\t\t\t\t<div class=\"elementor-element elementor-element-9eb7160 elementor-widget elementor-widget-theme-post-featured-image elementor-widget-image\" data-id=\"9eb7160\" data-element_type=\"widget\" data-widget_type=\"theme-post-featured-image.default\">\n\t\t\t\t<div class=\"elementor-widget-container\">\n\t\t\t\t\t\t\t\t\t\t\t\t\t<img fetchpriority=\"high\" decoding=\"async\" width=\"768\" height=\"1024\" src=\"https:\/\/une.edu.ve\/wp-content\/uploads\/2024\/12\/IMG_2344-768x1024.jpg\" class=\"attachment-large size-large wp-image-5849\" alt=\"\" srcset=\"https:\/\/une.edu.ve\/wp-content\/uploads\/2024\/12\/IMG_2344-768x1024.jpg 768w, https:\/\/une.edu.ve\/wp-content\/uploads\/2024\/12\/IMG_2344-225x300.jpg 225w, https:\/\/une.edu.ve\/wp-content\/uploads\/2024\/12\/IMG_2344-1152x1536.jpg 1152w, https:\/\/une.edu.ve\/wp-content\/uploads\/2024\/12\/IMG_2344-1536x2048.jpg 1536w, https:\/\/une.edu.ve\/wp-content\/uploads\/2024\/12\/IMG_2344-scaled.jpg 1920w\" sizes=\"(max-width: 768px) 100vw, 768px\" title=\"\">\t\t\t\t\t\t\t\t\t\t\t\t\t<\/div>\n\t\t\t\t<\/div>\n\t\t<div class=\"elementor-element elementor-element-236886c e-con-full infon e-flex e-con e-child\" data-id=\"236886c\" data-element_type=\"container\" data-settings=\"{&quot;background_background&quot;:&quot;classic&quot;}\">\n\t\t\t\t<div class=\"elementor-element elementor-element-5d7552f elementor-widget elementor-widget-heading\" data-id=\"5d7552f\" data-element_type=\"widget\" data-widget_type=\"heading.default\">\n\t\t\t\t<div class=\"elementor-widget-container\">\n\t\t\t<h6 class=\"elementor-heading-title elementor-size-default\"><a href=\"https:\/\/une.edu.ve\/?p=5858\">Per\u00edodo P161 Escuela de Administraci\u00f3n Eventos, Pasant\u00edas<\/a><\/h6>\t\t<\/div>\n\t\t\t\t<\/div>\n\t\t\t\t<div class=\"elementor-element elementor-element-f098fdc elementor-widget elementor-widget-post-info\" data-id=\"f098fdc\" data-element_type=\"widget\" data-widget_type=\"post-info.default\">\n\t\t\t\t<div class=\"elementor-widget-container\">\n\t\t\t\t\t<ul class=\"elementor-inline-items elementor-icon-list-items elementor-post-info\">\n\t\t\t\t\t\t\t\t<li class=\"elementor-icon-list-item elementor-repeater-item-b10639c elementor-inline-item\" itemprop=\"datePublished\">\n\t\t\t\t\t\t<a href=\"https:\/\/une.edu.ve\/?m=20241206\">\n\t\t\t\t\t\t\t\t\t\t\t\t\t\t<span class=\"elementor-icon-list-text elementor-post-info__item elementor-post-info__item--type-date\">\n\t\t\t\t\t\t\t\t\t\t<time>diciembre 6, 2024<\/time>\t\t\t\t\t<\/span>\n\t\t\t\t\t\t\t\t\t<\/a>\n\t\t\t\t<\/li>\n\t\t\t\t<\/ul>\n\t\t\t\t<\/div>\n\t\t\t\t<\/div>\n\t\t\t\t<div class=\"elementor-element elementor-element-918c5b4 elementor-widget elementor-widget-theme-post-excerpt\" data-id=\"918c5b4\" data-element_type=\"widget\" data-widget_type=\"theme-post-excerpt.default\">\n\t\t\t\t<div class=\"elementor-widget-container\">\n\t\t\t<p> Taller de Inteligencia Artificial -IA Presentaci\u00f3n de Primeros Auxilios.Educaci\u00f3n F\u00edsica<\/p>...\t\t<\/div>\n\t\t\t\t<\/div>\n\t\t\t\t<\/div>\n\t\t\t\t\t<\/div>\n\t\t\t\t<\/div>\n\t\t\t\t<\/div>\n\t\t\t\t<div data-elementor-type=\"loop-item\" data-elementor-id=\"1135\" class=\"elementor elementor-1135 e-loop-item e-loop-item-4451 post-4451 post type-post status-publish format-standard has-post-thumbnail hentry category-sin-categoria category-administracion-de-empresas category-direccion-de-escuela tag-escuela-de-administracion\" data-elementor-post-type=\"elementor_library\" data-custom-edit-handle=\"1\">\n\t\t\t<div class=\"elementor-element elementor-element-07cac59 noticia-con e-flex e-con-boxed e-con e-parent\" data-id=\"07cac59\" data-element_type=\"container\" data-settings=\"{&quot;background_background&quot;:&quot;classic&quot;}\">\n\t\t\t\t\t<div class=\"e-con-inner\">\n\t\t\t\t<div class=\"elementor-element elementor-element-9eb7160 elementor-widget elementor-widget-theme-post-featured-image elementor-widget-image\" data-id=\"9eb7160\" data-element_type=\"widget\" data-widget_type=\"theme-post-featured-image.default\">\n\t\t\t\t<div class=\"elementor-widget-container\">\n\t\t\t\t\t\t\t\t\t\t\t\t\t<img decoding=\"async\" width=\"773\" height=\"581\" src=\"https:\/\/une.edu.ve\/wp-content\/uploads\/2024\/03\/Captura-de-pantalla-2024-07-02-105204.jpg\" class=\"attachment-large size-large wp-image-4602\" alt=\"\" srcset=\"https:\/\/une.edu.ve\/wp-content\/uploads\/2024\/03\/Captura-de-pantalla-2024-07-02-105204.jpg 773w, https:\/\/une.edu.ve\/wp-content\/uploads\/2024\/03\/Captura-de-pantalla-2024-07-02-105204-300x225.jpg 300w, https:\/\/une.edu.ve\/wp-content\/uploads\/2024\/03\/Captura-de-pantalla-2024-07-02-105204-768x577.jpg 768w\" sizes=\"(max-width: 773px) 100vw, 773px\" title=\"\">\t\t\t\t\t\t\t\t\t\t\t\t\t<\/div>\n\t\t\t\t<\/div>\n\t\t<div class=\"elementor-element elementor-element-236886c e-con-full infon e-flex e-con e-child\" data-id=\"236886c\" data-element_type=\"container\" data-settings=\"{&quot;background_background&quot;:&quot;classic&quot;}\">\n\t\t\t\t<div class=\"elementor-element elementor-element-5d7552f elementor-widget elementor-widget-heading\" data-id=\"5d7552f\" data-element_type=\"widget\" data-widget_type=\"heading.default\">\n\t\t\t\t<div class=\"elementor-widget-container\">\n\t\t\t<h6 class=\"elementor-heading-title elementor-size-default\"><a href=\"https:\/\/une.edu.ve\/?p=4451\">Acto de Grado-Promoci\u00f3n 59.Facultad de Ciencias Administrativas. Escuela de Administraci\u00f3n.<\/a><\/h6>\t\t<\/div>\n\t\t\t\t<\/div>\n\t\t\t\t<div class=\"elementor-element elementor-element-f098fdc elementor-widget elementor-widget-post-info\" data-id=\"f098fdc\" data-element_type=\"widget\" data-widget_type=\"post-info.default\">\n\t\t\t\t<div class=\"elementor-widget-container\">\n\t\t\t\t\t<ul class=\"elementor-inline-items elementor-icon-list-items elementor-post-info\">\n\t\t\t\t\t\t\t\t<li class=\"elementor-icon-list-item elementor-repeater-item-b10639c elementor-inline-item\" itemprop=\"datePublished\">\n\t\t\t\t\t\t<a href=\"https:\/\/une.edu.ve\/?m=20240312\">\n\t\t\t\t\t\t\t\t\t\t\t\t\t\t<span class=\"elementor-icon-list-text elementor-post-info__item elementor-post-info__item--type-date\">\n\t\t\t\t\t\t\t\t\t\t<time>marzo 12, 2024<\/time>\t\t\t\t\t<\/span>\n\t\t\t\t\t\t\t\t\t<\/a>\n\t\t\t\t<\/li>\n\t\t\t\t<\/ul>\n\t\t\t\t<\/div>\n\t\t\t\t<\/div>\n\t\t\t\t<\/div>\n\t\t\t\t\t<\/div>\n\t\t\t\t<\/div>\n\t\t\t\t<\/div>\n\t\t\t\t<div data-elementor-type=\"loop-item\" data-elementor-id=\"1135\" class=\"elementor elementor-1135 e-loop-item e-loop-item-4073 post-4073 post type-post status-publish format-standard has-post-thumbnail hentry category-administracion-de-empresas category-direccion-de-escuela tag-administracion-de-empresas tag-escuela-de-administracion\" data-elementor-post-type=\"elementor_library\" data-custom-edit-handle=\"1\">\n\t\t\t<div class=\"elementor-element elementor-element-07cac59 noticia-con e-flex e-con-boxed e-con e-parent\" data-id=\"07cac59\" data-element_type=\"container\" data-settings=\"{&quot;background_background&quot;:&quot;classic&quot;}\">\n\t\t\t\t\t<div class=\"e-con-inner\">\n\t\t\t\t<div class=\"elementor-element elementor-element-9eb7160 elementor-widget elementor-widget-theme-post-featured-image elementor-widget-image\" data-id=\"9eb7160\" data-element_type=\"widget\" data-widget_type=\"theme-post-featured-image.default\">\n\t\t\t\t<div class=\"elementor-widget-container\">\n\t\t\t\t\t\t\t\t\t\t\t\t\t<img decoding=\"async\" width=\"800\" height=\"706\" src=\"https:\/\/une.edu.ve\/wp-content\/uploads\/2023\/12\/Captura-de-Pantalla-2023-12-13-a-las-9.04.57-a.-m-1024x904.jpg\" class=\"attachment-large size-large wp-image-4084\" alt=\"\" srcset=\"https:\/\/une.edu.ve\/wp-content\/uploads\/2023\/12\/Captura-de-Pantalla-2023-12-13-a-las-9.04.57-a.-m-1024x904.jpg 1024w, https:\/\/une.edu.ve\/wp-content\/uploads\/2023\/12\/Captura-de-Pantalla-2023-12-13-a-las-9.04.57-a.-m-300x265.jpg 300w, https:\/\/une.edu.ve\/wp-content\/uploads\/2023\/12\/Captura-de-Pantalla-2023-12-13-a-las-9.04.57-a.-m-768x678.jpg 768w, https:\/\/une.edu.ve\/wp-content\/uploads\/2023\/12\/Captura-de-Pantalla-2023-12-13-a-las-9.04.57-a.-m-1536x1356.jpg 1536w, https:\/\/une.edu.ve\/wp-content\/uploads\/2023\/12\/Captura-de-Pantalla-2023-12-13-a-las-9.04.57-a.-m.jpg 1568w\" sizes=\"(max-width: 800px) 100vw, 800px\" title=\"\">\t\t\t\t\t\t\t\t\t\t\t\t\t<\/div>\n\t\t\t\t<\/div>\n\t\t<div class=\"elementor-element elementor-element-236886c e-con-full infon e-flex e-con e-child\" data-id=\"236886c\" data-element_type=\"container\" data-settings=\"{&quot;background_background&quot;:&quot;classic&quot;}\">\n\t\t\t\t<div class=\"elementor-element elementor-element-5d7552f elementor-widget elementor-widget-heading\" data-id=\"5d7552f\" data-element_type=\"widget\" data-widget_type=\"heading.default\">\n\t\t\t\t<div class=\"elementor-widget-container\">\n\t\t\t<h6 class=\"elementor-heading-title elementor-size-default\"><a href=\"https:\/\/une.edu.ve\/?p=4073\">Escuela de Administraci\u00f3n, presentaci\u00f3n de proyectos P158<\/a><\/h6>\t\t<\/div>\n\t\t\t\t<\/div>\n\t\t\t\t<div class=\"elementor-element elementor-element-f098fdc elementor-widget elementor-widget-post-info\" data-id=\"f098fdc\" data-element_type=\"widget\" data-widget_type=\"post-info.default\">\n\t\t\t\t<div class=\"elementor-widget-container\">\n\t\t\t\t\t<ul class=\"elementor-inline-items elementor-icon-list-items elementor-post-info\">\n\t\t\t\t\t\t\t\t<li class=\"elementor-icon-list-item elementor-repeater-item-b10639c elementor-inline-item\" itemprop=\"datePublished\">\n\t\t\t\t\t\t<a href=\"https:\/\/une.edu.ve\/?m=20231213\">\n\t\t\t\t\t\t\t\t\t\t\t\t\t\t<span class=\"elementor-icon-list-text elementor-post-info__item elementor-post-info__item--type-date\">\n\t\t\t\t\t\t\t\t\t\t<time>diciembre 13, 2023<\/time>\t\t\t\t\t<\/span>\n\t\t\t\t\t\t\t\t\t<\/a>\n\t\t\t\t<\/li>\n\t\t\t\t<\/ul>\n\t\t\t\t<\/div>\n\t\t\t\t<\/div>\n\t\t\t\t<\/div>\n\t\t\t\t\t<\/div>\n\t\t\t\t<\/div>\n\t\t\t\t<\/div>\n\t\t\t\t<div data-elementor-type=\"loop-item\" data-elementor-id=\"1135\" class=\"elementor elementor-1135 e-loop-item e-loop-item-3844 post-3844 post type-post status-publish format-standard has-post-thumbnail hentry category-administracion-de-empresas category-direccion-de-escuela tag-contabilidad tag-escuela-de-administracion\" data-elementor-post-type=\"elementor_library\" data-custom-edit-handle=\"1\">\n\t\t\t<div class=\"elementor-element elementor-element-07cac59 noticia-con e-flex e-con-boxed e-con e-parent\" data-id=\"07cac59\" data-element_type=\"container\" data-settings=\"{&quot;background_background&quot;:&quot;classic&quot;}\">\n\t\t\t\t\t<div class=\"e-con-inner\">\n\t\t\t\t<div class=\"elementor-element elementor-element-9eb7160 elementor-widget elementor-widget-theme-post-featured-image elementor-widget-image\" data-id=\"9eb7160\" data-element_type=\"widget\" data-widget_type=\"theme-post-featured-image.default\">\n\t\t\t\t<div class=\"elementor-widget-container\">\n\t\t\t\t\t\t\t\t\t\t\t\t\t<img loading=\"lazy\" decoding=\"async\" width=\"800\" height=\"430\" src=\"https:\/\/une.edu.ve\/wp-content\/uploads\/2023\/10\/Captura-de-pantalla-2023-11-06-092429-1024x550.jpg\" class=\"attachment-large size-large wp-image-3899\" alt=\"\" srcset=\"https:\/\/une.edu.ve\/wp-content\/uploads\/2023\/10\/Captura-de-pantalla-2023-11-06-092429-1024x550.jpg 1024w, https:\/\/une.edu.ve\/wp-content\/uploads\/2023\/10\/Captura-de-pantalla-2023-11-06-092429-300x161.jpg 300w, https:\/\/une.edu.ve\/wp-content\/uploads\/2023\/10\/Captura-de-pantalla-2023-11-06-092429-768x412.jpg 768w, https:\/\/une.edu.ve\/wp-content\/uploads\/2023\/10\/Captura-de-pantalla-2023-11-06-092429-1536x825.jpg 1536w, https:\/\/une.edu.ve\/wp-content\/uploads\/2023\/10\/Captura-de-pantalla-2023-11-06-092429.jpg 1920w\" sizes=\"(max-width: 800px) 100vw, 800px\" title=\"\">\t\t\t\t\t\t\t\t\t\t\t\t\t<\/div>\n\t\t\t\t<\/div>\n\t\t<div class=\"elementor-element elementor-element-236886c e-con-full infon e-flex e-con e-child\" data-id=\"236886c\" data-element_type=\"container\" data-settings=\"{&quot;background_background&quot;:&quot;classic&quot;}\">\n\t\t\t\t<div class=\"elementor-element elementor-element-5d7552f elementor-widget elementor-widget-heading\" data-id=\"5d7552f\" data-element_type=\"widget\" data-widget_type=\"heading.default\">\n\t\t\t\t<div class=\"elementor-widget-container\">\n\t\t\t<h6 class=\"elementor-heading-title elementor-size-default\"><a href=\"https:\/\/une.edu.ve\/?p=3844\">Escuela de Administraci\u00f3n- Profesor Am\u00e9rico Mata. Contabilidad y Geograf\u00eda Econ\u00f3mica.<\/a><\/h6>\t\t<\/div>\n\t\t\t\t<\/div>\n\t\t\t\t<div class=\"elementor-element elementor-element-f098fdc elementor-widget elementor-widget-post-info\" data-id=\"f098fdc\" data-element_type=\"widget\" data-widget_type=\"post-info.default\">\n\t\t\t\t<div class=\"elementor-widget-container\">\n\t\t\t\t\t<ul class=\"elementor-inline-items elementor-icon-list-items elementor-post-info\">\n\t\t\t\t\t\t\t\t<li class=\"elementor-icon-list-item elementor-repeater-item-b10639c elementor-inline-item\" itemprop=\"datePublished\">\n\t\t\t\t\t\t<a href=\"https:\/\/une.edu.ve\/?m=20231027\">\n\t\t\t\t\t\t\t\t\t\t\t\t\t\t<span class=\"elementor-icon-list-text elementor-post-info__item elementor-post-info__item--type-date\">\n\t\t\t\t\t\t\t\t\t\t<time>octubre 27, 2023<\/time>\t\t\t\t\t<\/span>\n\t\t\t\t\t\t\t\t\t<\/a>\n\t\t\t\t<\/li>\n\t\t\t\t<\/ul>\n\t\t\t\t<\/div>\n\t\t\t\t<\/div>\n\t\t\t\t<\/div>\n\t\t\t\t\t<\/div>\n\t\t\t\t<\/div>\n\t\t\t\t<\/div>\n\t\t\t\t<\/div>\n\t\t\n\t\t\t\t<\/div>\n\t\t\t\t<\/div>\n\t\t\t\t\t<\/div>\n\t\t\t\t<\/div>\n\t\t\t\t<\/div>\n\t\t","protected":false},"excerpt":{"rendered":"<p>Direcciones de Escuela<\/p>\n","protected":false},"author":1,"featured_media":0,"parent":0,"menu_order":0,"comment_status":"closed","ping_status":"closed","template":"","meta":{"footnotes":""},"class_list":["post-777","page","type-page","status-publish","hentry"],"_links":{"self":[{"href":"https:\/\/une.edu.ve\/index.php?rest_route=\/wp\/v2\/pages\/777","targetHints":{"allow":["GET"]}}],"collection":[{"href":"https:\/\/une.edu.ve\/index.php?rest_route=\/wp\/v2\/pages"}],"about":[{"href":"https:\/\/une.edu.ve\/index.php?rest_route=\/wp\/v2\/types\/page"}],"author":[{"embeddable":true,"href":"https:\/\/une.edu.ve\/index.php?rest_route=\/wp\/v2\/users\/1"}],"replies":[{"embeddable":true,"href":"https:\/\/une.edu.ve\/index.php?rest_route=%2Fwp%2Fv2%2Fcomments&post=777"}],"version-history":[{"count":11,"href":"https:\/\/une.edu.ve\/index.php?rest_route=\/wp\/v2\/pages\/777\/revisions"}],"predecessor-version":[{"id":1309,"href":"https:\/\/une.edu.ve\/index.php?rest_route=\/wp\/v2\/pages\/777\/revisions\/1309"}],"wp:attachment":[{"href":"https:\/\/une.edu.ve\/index.php?rest_route=%2Fwp%2Fv2%2Fmedia&parent=777"}],"curies":[{"name":"wp","href":"https:\/\/api.w.org\/{rel}","templated":true}]}}