{"id":5240,"date":"2024-10-14T10:49:56","date_gmt":"2024-10-14T14:49:56","guid":{"rendered":"https:\/\/une.edu.ve\/?page_id=5240"},"modified":"2024-11-21T22:52:24","modified_gmt":"2024-11-22T02:52:24","slug":"postgrado-2-0","status":"publish","type":"page","link":"https:\/\/une.edu.ve\/?page_id=5240","title":{"rendered":"POSTGRADO 2.0"},"content":{"rendered":"\t\t<div data-elementor-type=\"wp-page\" data-elementor-id=\"5240\" class=\"elementor elementor-5240\" data-elementor-post-type=\"page\">\n\t\t\t\t<div class=\"elementor-element elementor-element-12ff2de e-flex e-con-boxed e-con e-parent\" data-id=\"12ff2de\" data-element_type=\"container\" data-settings=\"{&quot;background_background&quot;:&quot;classic&quot;}\">\n\t\t\t\t\t<div class=\"e-con-inner\">\n\t\t\t\t<div class=\"elementor-element elementor-element-fbdde08 elementor-widget elementor-widget-heading\" data-id=\"fbdde08\" data-element_type=\"widget\" data-widget_type=\"heading.default\">\n\t\t\t\t<div class=\"elementor-widget-container\">\n\t\t\t<h2 class=\"elementor-heading-title elementor-size-default\">POSTGRADO<\/h2>\t\t<\/div>\n\t\t\t\t<\/div>\n\t\t\t\t<div class=\"elementor-element elementor-element-6f9a685 elementor-widget elementor-widget-heading\" data-id=\"6f9a685\" data-element_type=\"widget\" data-widget_type=\"heading.default\">\n\t\t\t\t<div class=\"elementor-widget-container\">\n\t\t\t<h2 class=\"elementor-heading-title elementor-size-default\">MAESTRIA \/ DOCTORADO<\/h2>\t\t<\/div>\n\t\t\t\t<\/div>\n\t\t\t\t\t<\/div>\n\t\t\t\t<\/div>\n\t\t<div class=\"elementor-element elementor-element-3555e9f e-flex e-con-boxed e-con e-parent\" data-id=\"3555e9f\" data-element_type=\"container\" data-settings=\"{&quot;background_background&quot;:&quot;gradient&quot;}\">\n\t\t\t\t\t<div class=\"e-con-inner\">\n\t\t<div class=\"elementor-element elementor-element-45893f8 e-con-full e-flex e-con e-child\" data-id=\"45893f8\" data-element_type=\"container\">\n\t\t<div class=\"elementor-element elementor-element-9bed403 e-con-full e-flex e-con e-child\" data-id=\"9bed403\" data-element_type=\"container\">\n\t\t\t\t<div class=\"elementor-element elementor-element-1c2adbc elementor-widget elementor-widget-heading\" data-id=\"1c2adbc\" data-element_type=\"widget\" data-widget_type=\"heading.default\">\n\t\t\t\t<div class=\"elementor-widget-container\">\n\t\t\t<h2 class=\"elementor-heading-title elementor-size-default\">Postgrado <\/h2>\t\t<\/div>\n\t\t\t\t<\/div>\n\t\t\t\t<\/div>\n\t\t<div class=\"elementor-element elementor-element-9d24d33 e-flex e-con-boxed e-con e-child\" data-id=\"9d24d33\" data-element_type=\"container\">\n\t\t\t\t\t<div class=\"e-con-inner\">\n\t\t\t\t<div class=\"elementor-element elementor-element-641c8a9 elementor-widget elementor-widget-heading\" data-id=\"641c8a9\" data-element_type=\"widget\" data-widget_type=\"heading.default\">\n\t\t\t\t<div class=\"elementor-widget-container\">\n\t\t\t<h2 class=\"elementor-heading-title elementor-size-default\">Maestr\u00eda<\/h2>\t\t<\/div>\n\t\t\t\t<\/div>\n\t\t\t\t\t<\/div>\n\t\t\t\t<\/div>\n\t\t\t\t<\/div>\n\t\t<div class=\"elementor-element elementor-element-d69efe1 e-con-full e-flex e-con e-child\" data-id=\"d69efe1\" data-element_type=\"container\">\n\t\t<div class=\"elementor-element elementor-element-349189d e-flex e-con-boxed e-con e-child\" data-id=\"349189d\" data-element_type=\"container\">\n\t\t\t\t\t<div class=\"e-con-inner\">\n\t\t<div class=\"elementor-element elementor-element-473c7a3 e-con-full e-flex e-con e-child\" data-id=\"473c7a3\" data-element_type=\"container\" data-settings=\"{&quot;background_background&quot;:&quot;classic&quot;}\">\n\t\t\t\t<div class=\"elementor-element elementor-element-e9c1875 elementor-widget__width-inherit elementor-widget elementor-widget-image\" data-id=\"e9c1875\" data-element_type=\"widget\" data-widget_type=\"image.default\">\n\t\t\t\t<div class=\"elementor-widget-container\">\n\t\t\t\t\t\t\t\t\t\t\t\t\t<img fetchpriority=\"high\" decoding=\"async\" width=\"564\" height=\"564\" src=\"https:\/\/une.edu.ve\/wp-content\/uploads\/2024\/10\/7ccda0150a501e89f8e49a5f28c9b716.jpg\" class=\"attachment-large size-large wp-image-5244\" alt=\"\" srcset=\"https:\/\/une.edu.ve\/wp-content\/uploads\/2024\/10\/7ccda0150a501e89f8e49a5f28c9b716.jpg 564w, https:\/\/une.edu.ve\/wp-content\/uploads\/2024\/10\/7ccda0150a501e89f8e49a5f28c9b716-300x300.jpg 300w, https:\/\/une.edu.ve\/wp-content\/uploads\/2024\/10\/7ccda0150a501e89f8e49a5f28c9b716-150x150.jpg 150w\" sizes=\"(max-width: 564px) 100vw, 564px\" title=\"\">\t\t\t\t\t\t\t\t\t\t\t\t\t<\/div>\n\t\t\t\t<\/div>\n\t\t\t\t<div class=\"elementor-element elementor-element-4b6173c elementor-widget elementor-widget-heading\" data-id=\"4b6173c\" data-element_type=\"widget\" data-widget_type=\"heading.default\">\n\t\t\t\t<div class=\"elementor-widget-container\">\n\t\t\t<h2 class=\"elementor-heading-title elementor-size-default\">Ciencias Aeron\u00e1uticas<\/h2>\t\t<\/div>\n\t\t\t\t<\/div>\n\t\t\t\t<div class=\"elementor-element elementor-element-191c5ed elementor-widget elementor-widget-text-editor\" data-id=\"191c5ed\" data-element_type=\"widget\" data-widget_type=\"text-editor.default\">\n\t\t\t\t<div class=\"elementor-widget-container\">\n\t\t\t\t\t\t\t<p>La Maestr\u00eda en Ciencias Aeron\u00e1uticas se centra en los desaf\u00edos del sector aeron\u00e1utico, capacitando a profesionales en la gesti\u00f3n estrat\u00e9gica y servicios<br \/>aeroportuarios, con un enfoque multidisciplinario y cient\u00edfico.<\/p>\t\t\t\t\t\t<\/div>\n\t\t\t\t<\/div>\n\t\t\t\t<div class=\"elementor-element elementor-element-c20ee85 elementor-widget elementor-widget-button\" data-id=\"c20ee85\" data-element_type=\"widget\" data-widget_type=\"button.default\">\n\t\t\t\t<div class=\"elementor-widget-container\">\n\t\t\t\t\t\t\t<div class=\"elementor-button-wrapper\">\n\t\t\t\t\t<a class=\"elementor-button elementor-button-link elementor-size-sm\" href=\"https:\/\/api.whatsapp.com\/send?phone=5842421667250&#038;text=Hola%20Universidad%20Nueva%20Esparta\" target=\"_blank\" rel=\"noopener\">\n\t\t\t\t\t\t<span class=\"elementor-button-content-wrapper\">\n\t\t\t\t\t\t\t\t\t<span class=\"elementor-button-text\">Ver m\u00e1s<\/span>\n\t\t\t\t\t<\/span>\n\t\t\t\t\t<\/a>\n\t\t\t\t<\/div>\n\t\t\t\t\t\t<\/div>\n\t\t\t\t<\/div>\n\t\t\t\t<\/div>\n\t\t<div class=\"elementor-element elementor-element-4a95dfb e-con-full e-flex e-con e-child\" data-id=\"4a95dfb\" data-element_type=\"container\" data-settings=\"{&quot;background_background&quot;:&quot;classic&quot;}\">\n\t\t\t\t<div class=\"elementor-element elementor-element-c8e7c3e elementor-widget__width-inherit elementor-widget elementor-widget-image\" data-id=\"c8e7c3e\" data-element_type=\"widget\" data-widget_type=\"image.default\">\n\t\t\t\t<div class=\"elementor-widget-container\">\n\t\t\t\t\t\t\t\t\t\t\t\t\t<img decoding=\"async\" width=\"564\" height=\"337\" src=\"https:\/\/une.edu.ve\/wp-content\/uploads\/2024\/10\/72c4fde0a1f64fa06f4a626a238be08f.jpg\" class=\"attachment-large size-large wp-image-5248\" alt=\"\" srcset=\"https:\/\/une.edu.ve\/wp-content\/uploads\/2024\/10\/72c4fde0a1f64fa06f4a626a238be08f.jpg 564w, https:\/\/une.edu.ve\/wp-content\/uploads\/2024\/10\/72c4fde0a1f64fa06f4a626a238be08f-300x179.jpg 300w\" sizes=\"(max-width: 564px) 100vw, 564px\" title=\"\">\t\t\t\t\t\t\t\t\t\t\t\t\t<\/div>\n\t\t\t\t<\/div>\n\t\t\t\t<div class=\"elementor-element elementor-element-90c49ea elementor-widget elementor-widget-heading\" data-id=\"90c49ea\" data-element_type=\"widget\" data-widget_type=\"heading.default\">\n\t\t\t\t<div class=\"elementor-widget-container\">\n\t\t\t<h2 class=\"elementor-heading-title elementor-size-default\">Derecho Penal<\/h2>\t\t<\/div>\n\t\t\t\t<\/div>\n\t\t\t\t<div class=\"elementor-element elementor-element-b51e900 elementor-widget elementor-widget-text-editor\" data-id=\"b51e900\" data-element_type=\"widget\" data-widget_type=\"text-editor.default\">\n\t\t\t\t<div class=\"elementor-widget-container\">\n\t\t\t\t\t\t\t<p>La Maestr\u00eda en Derecho Penal proporciona una formaci\u00f3n integral para profesionales del derecho, especializ\u00e1ndolos en el an\u00e1lisis y sanci\u00f3n de actos criminales con justicia y eficacia<\/p>\t\t\t\t\t\t<\/div>\n\t\t\t\t<\/div>\n\t\t\t\t<div class=\"elementor-element elementor-element-5effdd0 elementor-widget elementor-widget-button\" data-id=\"5effdd0\" data-element_type=\"widget\" data-widget_type=\"button.default\">\n\t\t\t\t<div class=\"elementor-widget-container\">\n\t\t\t\t\t\t\t<div class=\"elementor-button-wrapper\">\n\t\t\t\t\t<a class=\"elementor-button elementor-button-link elementor-size-sm\" href=\"https:\/\/api.whatsapp.com\/send?phone=5842421667250&#038;text=Hola%20Universidad%20Nueva%20Esparta\" target=\"_blank\" rel=\"noopener\">\n\t\t\t\t\t\t<span class=\"elementor-button-content-wrapper\">\n\t\t\t\t\t\t\t\t\t<span class=\"elementor-button-text\">Ver m\u00e1s<\/span>\n\t\t\t\t\t<\/span>\n\t\t\t\t\t<\/a>\n\t\t\t\t<\/div>\n\t\t\t\t\t\t<\/div>\n\t\t\t\t<\/div>\n\t\t\t\t<\/div>\n\t\t<div class=\"elementor-element elementor-element-002ae66 e-con-full e-flex e-con e-child\" data-id=\"002ae66\" data-element_type=\"container\" data-settings=\"{&quot;background_background&quot;:&quot;classic&quot;}\">\n\t\t\t\t<div class=\"elementor-element elementor-element-aa29492 elementor-widget__width-inherit elementor-widget elementor-widget-image\" data-id=\"aa29492\" data-element_type=\"widget\" data-widget_type=\"image.default\">\n\t\t\t\t<div class=\"elementor-widget-container\">\n\t\t\t\t\t\t\t\t\t\t\t\t\t<img decoding=\"async\" width=\"564\" height=\"312\" src=\"https:\/\/une.edu.ve\/wp-content\/uploads\/2024\/10\/72e1f5a95a3346c7ced3f45c060244c7.jpg\" class=\"attachment-large size-large wp-image-5249\" alt=\"\" srcset=\"https:\/\/une.edu.ve\/wp-content\/uploads\/2024\/10\/72e1f5a95a3346c7ced3f45c060244c7.jpg 564w, https:\/\/une.edu.ve\/wp-content\/uploads\/2024\/10\/72e1f5a95a3346c7ced3f45c060244c7-300x166.jpg 300w\" sizes=\"(max-width: 564px) 100vw, 564px\" title=\"\">\t\t\t\t\t\t\t\t\t\t\t\t\t<\/div>\n\t\t\t\t<\/div>\n\t\t\t\t<div class=\"elementor-element elementor-element-df4570a elementor-widget elementor-widget-heading\" data-id=\"df4570a\" data-element_type=\"widget\" data-widget_type=\"heading.default\">\n\t\t\t\t<div class=\"elementor-widget-container\">\n\t\t\t<h2 class=\"elementor-heading-title elementor-size-default\">Gerencia de Proyecto<\/h2>\t\t<\/div>\n\t\t\t\t<\/div>\n\t\t\t\t<div class=\"elementor-element elementor-element-62a26d6 elementor-widget elementor-widget-text-editor\" data-id=\"62a26d6\" data-element_type=\"widget\" data-widget_type=\"text-editor.default\">\n\t\t\t\t<div class=\"elementor-widget-container\">\n\t\t\t\t\t\t\t<p>La Maestr\u00eda en Gerencia de Proyectos prepara a los estudiantes en planificaci\u00f3n, ejecuci\u00f3n y control de proyectos, ofreciendo herramientas para gestionar eficientemente en diversos sectores.<\/p>\t\t\t\t\t\t<\/div>\n\t\t\t\t<\/div>\n\t\t\t\t<div class=\"elementor-element elementor-element-e87566a elementor-widget elementor-widget-button\" data-id=\"e87566a\" data-element_type=\"widget\" data-widget_type=\"button.default\">\n\t\t\t\t<div class=\"elementor-widget-container\">\n\t\t\t\t\t\t\t<div class=\"elementor-button-wrapper\">\n\t\t\t\t\t<a class=\"elementor-button elementor-button-link elementor-size-sm\" href=\"https:\/\/api.whatsapp.com\/send?phone=5842421667250&#038;text=Hola%20Universidad%20Nueva%20Esparta\" target=\"_blank\" rel=\"noopener\">\n\t\t\t\t\t\t<span class=\"elementor-button-content-wrapper\">\n\t\t\t\t\t\t\t\t\t<span class=\"elementor-button-text\">Ver m\u00e1s<\/span>\n\t\t\t\t\t<\/span>\n\t\t\t\t\t<\/a>\n\t\t\t\t<\/div>\n\t\t\t\t\t\t<\/div>\n\t\t\t\t<\/div>\n\t\t\t\t<\/div>\n\t\t\t\t\t<\/div>\n\t\t\t\t<\/div>\n\t\t\t\t<\/div>\n\t\t\t\t\t<\/div>\n\t\t\t\t<\/div>\n\t\t<div class=\"elementor-element elementor-element-088cce5 e-flex e-con-boxed e-con e-parent\" data-id=\"088cce5\" data-element_type=\"container\">\n\t\t\t\t\t<div class=\"e-con-inner\">\n\t\t<div class=\"elementor-element elementor-element-3fdab3d e-con-full e-flex e-con e-child\" data-id=\"3fdab3d\" data-element_type=\"container\">\n\t\t<div class=\"elementor-element elementor-element-cfa106b e-con-full e-flex e-con e-child\" data-id=\"cfa106b\" data-element_type=\"container\">\n\t\t\t\t<div class=\"elementor-element elementor-element-7e05062 elementor-widget elementor-widget-heading\" data-id=\"7e05062\" data-element_type=\"widget\" data-widget_type=\"heading.default\">\n\t\t\t\t<div class=\"elementor-widget-container\">\n\t\t\t<h2 class=\"elementor-heading-title elementor-size-default\">Postgrado <\/h2>\t\t<\/div>\n\t\t\t\t<\/div>\n\t\t\t\t<\/div>\n\t\t<div class=\"elementor-element elementor-element-5456ba6 e-flex e-con-boxed e-con e-child\" data-id=\"5456ba6\" data-element_type=\"container\">\n\t\t\t\t\t<div class=\"e-con-inner\">\n\t\t\t\t<div class=\"elementor-element elementor-element-e6a5992 elementor-widget elementor-widget-heading\" data-id=\"e6a5992\" data-element_type=\"widget\" data-widget_type=\"heading.default\">\n\t\t\t\t<div class=\"elementor-widget-container\">\n\t\t\t<h2 class=\"elementor-heading-title elementor-size-default\">Doctorado<\/h2>\t\t<\/div>\n\t\t\t\t<\/div>\n\t\t\t\t\t<\/div>\n\t\t\t\t<\/div>\n\t\t\t\t<\/div>\n\t\t<div class=\"elementor-element elementor-element-b1b6b4f e-con-full e-flex e-con e-child\" data-id=\"b1b6b4f\" data-element_type=\"container\">\n\t\t<div class=\"elementor-element elementor-element-ca6a294 e-flex e-con-boxed e-con e-child\" data-id=\"ca6a294\" data-element_type=\"container\">\n\t\t\t\t\t<div class=\"e-con-inner\">\n\t\t<div class=\"elementor-element elementor-element-a11238e e-con-full e-flex e-con e-child\" data-id=\"a11238e\" data-element_type=\"container\" data-settings=\"{&quot;background_background&quot;:&quot;gradient&quot;}\">\n\t\t\t\t<div class=\"elementor-element elementor-element-f0f6981 elementor-widget__width-inherit elementor-widget elementor-widget-image\" data-id=\"f0f6981\" data-element_type=\"widget\" data-widget_type=\"image.default\">\n\t\t\t\t<div class=\"elementor-widget-container\">\n\t\t\t\t\t\t\t\t\t\t\t\t\t<img loading=\"lazy\" decoding=\"async\" width=\"564\" height=\"317\" src=\"https:\/\/une.edu.ve\/wp-content\/uploads\/2024\/10\/22a38f9f82717b35a3227e1ace7a7055.jpg\" class=\"attachment-large size-large wp-image-5252\" alt=\"\" srcset=\"https:\/\/une.edu.ve\/wp-content\/uploads\/2024\/10\/22a38f9f82717b35a3227e1ace7a7055.jpg 564w, https:\/\/une.edu.ve\/wp-content\/uploads\/2024\/10\/22a38f9f82717b35a3227e1ace7a7055-300x169.jpg 300w\" sizes=\"(max-width: 564px) 100vw, 564px\" title=\"\">\t\t\t\t\t\t\t\t\t\t\t\t\t<\/div>\n\t\t\t\t<\/div>\n\t\t\t\t<div class=\"elementor-element elementor-element-f8df986 elementor-widget elementor-widget-heading\" data-id=\"f8df986\" data-element_type=\"widget\" data-widget_type=\"heading.default\">\n\t\t\t\t<div class=\"elementor-widget-container\">\n\t\t\t<h2 class=\"elementor-heading-title elementor-size-default\">Control Contencioso Administrativo de las Conductas del Poder P\u00fablico<\/h2>\t\t<\/div>\n\t\t\t\t<\/div>\n\t\t\t\t<div class=\"elementor-element elementor-element-fca0a32 elementor-widget elementor-widget-text-editor\" data-id=\"fca0a32\" data-element_type=\"widget\" data-widget_type=\"text-editor.default\">\n\t\t\t\t<div class=\"elementor-widget-container\">\n\t\t\t\t\t\t\t<p>El Doctorado en Control Contencioso Administrativo forma especialistas en el an\u00e1lisis y gesti\u00f3n de la administraci\u00f3n p\u00fablica, enfoc\u00e1ndose en el control de los actos y conductas del poder estatal.<\/p>\t\t\t\t\t\t<\/div>\n\t\t\t\t<\/div>\n\t\t\t\t<div class=\"elementor-element elementor-element-bcdae1f elementor-widget elementor-widget-button\" data-id=\"bcdae1f\" data-element_type=\"widget\" data-widget_type=\"button.default\">\n\t\t\t\t<div class=\"elementor-widget-container\">\n\t\t\t\t\t\t\t<div class=\"elementor-button-wrapper\">\n\t\t\t\t\t<a class=\"elementor-button elementor-button-link elementor-size-sm\" href=\"https:\/\/api.whatsapp.com\/send?phone=5842421667250&#038;text=Hola%20Universidad%20Nueva%20Esparta\" target=\"_blank\" rel=\"noopener\">\n\t\t\t\t\t\t<span class=\"elementor-button-content-wrapper\">\n\t\t\t\t\t\t\t\t\t<span class=\"elementor-button-text\">Ver m\u00e1s<\/span>\n\t\t\t\t\t<\/span>\n\t\t\t\t\t<\/a>\n\t\t\t\t<\/div>\n\t\t\t\t\t\t<\/div>\n\t\t\t\t<\/div>\n\t\t\t\t<\/div>\n\t\t<div class=\"elementor-element elementor-element-7de2717 e-con-full e-flex e-con e-child\" data-id=\"7de2717\" data-element_type=\"container\" data-settings=\"{&quot;background_background&quot;:&quot;gradient&quot;}\">\n\t\t\t\t<div class=\"elementor-element elementor-element-eb19623 elementor-widget__width-inherit elementor-widget elementor-widget-image\" data-id=\"eb19623\" data-element_type=\"widget\" data-widget_type=\"image.default\">\n\t\t\t\t<div class=\"elementor-widget-container\">\n\t\t\t\t\t\t\t\t\t\t\t\t\t<img loading=\"lazy\" decoding=\"async\" width=\"563\" height=\"375\" src=\"https:\/\/une.edu.ve\/wp-content\/uploads\/2024\/10\/f6d77b0c05ab7c15b0b36a02483213de.jpg\" class=\"attachment-large size-large wp-image-5250\" alt=\"\" srcset=\"https:\/\/une.edu.ve\/wp-content\/uploads\/2024\/10\/f6d77b0c05ab7c15b0b36a02483213de.jpg 563w, https:\/\/une.edu.ve\/wp-content\/uploads\/2024\/10\/f6d77b0c05ab7c15b0b36a02483213de-300x200.jpg 300w\" sizes=\"(max-width: 563px) 100vw, 563px\" title=\"\">\t\t\t\t\t\t\t\t\t\t\t\t\t<\/div>\n\t\t\t\t<\/div>\n\t\t\t\t<div class=\"elementor-element elementor-element-0b68030 elementor-widget elementor-widget-heading\" data-id=\"0b68030\" data-element_type=\"widget\" data-widget_type=\"heading.default\">\n\t\t\t\t<div class=\"elementor-widget-container\">\n\t\t\t<h2 class=\"elementor-heading-title elementor-size-default\">Ingenier\u00eda menci\u00f3n Civil o Electr\u00f3nica<\/h2>\t\t<\/div>\n\t\t\t\t<\/div>\n\t\t\t\t<div class=\"elementor-element elementor-element-18371c4 elementor-widget elementor-widget-text-editor\" data-id=\"18371c4\" data-element_type=\"widget\" data-widget_type=\"text-editor.default\">\n\t\t\t\t<div class=\"elementor-widget-container\">\n\t\t\t\t\t\t\t<p>El Doctorado en Ingenier\u00eda, con menciones en Civil o Electr\u00f3nica, capacita expertos en investigaci\u00f3n e innovaci\u00f3n tecnol\u00f3gica, prepar\u00e1ndolos para liderar proyectos en \u00e1reas clave de la ingenier\u00eda.<\/p>\t\t\t\t\t\t<\/div>\n\t\t\t\t<\/div>\n\t\t\t\t<div class=\"elementor-element elementor-element-8c29d3c elementor-widget elementor-widget-button\" data-id=\"8c29d3c\" data-element_type=\"widget\" data-widget_type=\"button.default\">\n\t\t\t\t<div class=\"elementor-widget-container\">\n\t\t\t\t\t\t\t<div class=\"elementor-button-wrapper\">\n\t\t\t\t\t<a class=\"elementor-button elementor-button-link elementor-size-sm\" href=\"https:\/\/api.whatsapp.com\/send?phone=5842421667250&#038;text=Hola%20Universidad%20Nueva%20Esparta\" target=\"_blank\" rel=\"noopener\">\n\t\t\t\t\t\t<span class=\"elementor-button-content-wrapper\">\n\t\t\t\t\t\t\t\t\t<span class=\"elementor-button-text\">Ver m\u00e1s<\/span>\n\t\t\t\t\t<\/span>\n\t\t\t\t\t<\/a>\n\t\t\t\t<\/div>\n\t\t\t\t\t\t<\/div>\n\t\t\t\t<\/div>\n\t\t\t\t<\/div>\n\t\t\t\t\t<\/div>\n\t\t\t\t<\/div>\n\t\t\t\t<\/div>\n\t\t<div class=\"elementor-element elementor-element-670e161 e-con-full e-flex e-con e-child\" data-id=\"670e161\" data-element_type=\"container\">\n\t\t<div class=\"elementor-element elementor-element-0056fb7 e-flex e-con-boxed e-con e-child\" data-id=\"0056fb7\" data-element_type=\"container\">\n\t\t\t\t\t<div class=\"e-con-inner\">\n\t\t<div class=\"elementor-element elementor-element-8f691eb e-con-full e-flex e-con e-child\" data-id=\"8f691eb\" data-element_type=\"container\" data-settings=\"{&quot;background_background&quot;:&quot;gradient&quot;}\">\n\t\t\t\t<div class=\"elementor-element elementor-element-cc0908d elementor-widget__width-inherit elementor-widget elementor-widget-image\" data-id=\"cc0908d\" data-element_type=\"widget\" data-widget_type=\"image.default\">\n\t\t\t\t<div class=\"elementor-widget-container\">\n\t\t\t\t\t\t\t\t\t\t\t\t\t<img loading=\"lazy\" decoding=\"async\" width=\"564\" height=\"845\" src=\"https:\/\/une.edu.ve\/wp-content\/uploads\/2024\/10\/857562642628693b44746bac92f18356.jpg\" class=\"attachment-large size-large wp-image-5253\" alt=\"\" srcset=\"https:\/\/une.edu.ve\/wp-content\/uploads\/2024\/10\/857562642628693b44746bac92f18356.jpg 564w, https:\/\/une.edu.ve\/wp-content\/uploads\/2024\/10\/857562642628693b44746bac92f18356-200x300.jpg 200w\" sizes=\"(max-width: 564px) 100vw, 564px\" title=\"\">\t\t\t\t\t\t\t\t\t\t\t\t\t<\/div>\n\t\t\t\t<\/div>\n\t\t\t\t<div class=\"elementor-element elementor-element-5fa74bb elementor-widget elementor-widget-heading\" data-id=\"5fa74bb\" data-element_type=\"widget\" data-widget_type=\"heading.default\">\n\t\t\t\t<div class=\"elementor-widget-container\">\n\t\t\t<h2 class=\"elementor-heading-title elementor-size-default\">Educaci\u00f3n y Sociedad<\/h2>\t\t<\/div>\n\t\t\t\t<\/div>\n\t\t\t\t<div class=\"elementor-element elementor-element-2adff45 elementor-widget elementor-widget-text-editor\" data-id=\"2adff45\" data-element_type=\"widget\" data-widget_type=\"text-editor.default\">\n\t\t\t\t<div class=\"elementor-widget-container\">\n\t\t\t\t\t\t\t<p>El Doctorado en Educaci\u00f3n y Sociedad de la Universidad Nueva Esparta forma investigadores de alto nivel en educaci\u00f3n y cambio social, combinando teor\u00eda y pr\u00e1ctica para abordar pol\u00edticas educativas y desaf\u00edos sociales.<\/p>\t\t\t\t\t\t<\/div>\n\t\t\t\t<\/div>\n\t\t\t\t<div class=\"elementor-element elementor-element-a7b1c15 elementor-widget elementor-widget-button\" data-id=\"a7b1c15\" data-element_type=\"widget\" data-widget_type=\"button.default\">\n\t\t\t\t<div class=\"elementor-widget-container\">\n\t\t\t\t\t\t\t<div class=\"elementor-button-wrapper\">\n\t\t\t\t\t<a class=\"elementor-button elementor-button-link elementor-size-sm\" href=\"https:\/\/api.whatsapp.com\/send?phone=5842421667250&#038;text=Hola%20Universidad%20Nueva%20Esparta\" target=\"_blank\" rel=\"noopener\">\n\t\t\t\t\t\t<span class=\"elementor-button-content-wrapper\">\n\t\t\t\t\t\t\t\t\t<span class=\"elementor-button-text\">Ver m\u00e1s<\/span>\n\t\t\t\t\t<\/span>\n\t\t\t\t\t<\/a>\n\t\t\t\t<\/div>\n\t\t\t\t\t\t<\/div>\n\t\t\t\t<\/div>\n\t\t\t\t<\/div>\n\t\t<div class=\"elementor-element elementor-element-a714bc6 e-con-full e-flex e-con e-child\" data-id=\"a714bc6\" data-element_type=\"container\" data-settings=\"{&quot;background_background&quot;:&quot;gradient&quot;}\">\n\t\t\t\t<div class=\"elementor-element elementor-element-b68d97f elementor-widget__width-inherit elementor-widget elementor-widget-image\" data-id=\"b68d97f\" data-element_type=\"widget\" data-widget_type=\"image.default\">\n\t\t\t\t<div class=\"elementor-widget-container\">\n\t\t\t\t\t\t\t\t\t\t\t\t\t<img loading=\"lazy\" decoding=\"async\" width=\"564\" height=\"564\" src=\"https:\/\/une.edu.ve\/wp-content\/uploads\/2024\/10\/a93bc3f6299b4114ee4bfa19d7f312bd.jpg\" class=\"attachment-large size-large wp-image-5254\" alt=\"\" srcset=\"https:\/\/une.edu.ve\/wp-content\/uploads\/2024\/10\/a93bc3f6299b4114ee4bfa19d7f312bd.jpg 564w, https:\/\/une.edu.ve\/wp-content\/uploads\/2024\/10\/a93bc3f6299b4114ee4bfa19d7f312bd-300x300.jpg 300w, https:\/\/une.edu.ve\/wp-content\/uploads\/2024\/10\/a93bc3f6299b4114ee4bfa19d7f312bd-150x150.jpg 150w\" sizes=\"(max-width: 564px) 100vw, 564px\" title=\"\">\t\t\t\t\t\t\t\t\t\t\t\t\t<\/div>\n\t\t\t\t<\/div>\n\t\t\t\t<div class=\"elementor-element elementor-element-3167857 elementor-widget elementor-widget-heading\" data-id=\"3167857\" data-element_type=\"widget\" data-widget_type=\"heading.default\">\n\t\t\t\t<div class=\"elementor-widget-container\">\n\t\t\t<h2 class=\"elementor-heading-title elementor-size-default\">Contadur\u00eda<\/h2>\t\t<\/div>\n\t\t\t\t<\/div>\n\t\t\t\t<div class=\"elementor-element elementor-element-7fc15eb elementor-widget elementor-widget-text-editor\" data-id=\"7fc15eb\" data-element_type=\"widget\" data-widget_type=\"text-editor.default\">\n\t\t\t\t<div class=\"elementor-widget-container\">\n\t\t\t\t\t\t\t<p>El Doctorado en Contadur\u00eda ofrece una formaci\u00f3n avanzada en investigaci\u00f3n y teor\u00eda contable, preparando a expertos para enfrentar desaf\u00edos en el \u00e1mbito contable con rigor y creatividad.<\/p>\t\t\t\t\t\t<\/div>\n\t\t\t\t<\/div>\n\t\t\t\t<div class=\"elementor-element elementor-element-900de6e elementor-widget elementor-widget-button\" data-id=\"900de6e\" data-element_type=\"widget\" data-widget_type=\"button.default\">\n\t\t\t\t<div class=\"elementor-widget-container\">\n\t\t\t\t\t\t\t<div class=\"elementor-button-wrapper\">\n\t\t\t\t\t<a class=\"elementor-button elementor-button-link elementor-size-sm\" href=\"https:\/\/api.whatsapp.com\/send?phone=5842421667250&#038;text=Hola%20Universidad%20Nueva%20Esparta\" target=\"_blank\" rel=\"noopener\">\n\t\t\t\t\t\t<span class=\"elementor-button-content-wrapper\">\n\t\t\t\t\t\t\t\t\t<span class=\"elementor-button-text\">Ver m\u00e1s<\/span>\n\t\t\t\t\t<\/span>\n\t\t\t\t\t<\/a>\n\t\t\t\t<\/div>\n\t\t\t\t\t\t<\/div>\n\t\t\t\t<\/div>\n\t\t\t\t<\/div>\n\t\t\t\t\t<\/div>\n\t\t\t\t<\/div>\n\t\t\t\t<\/div>\n\t\t\t\t\t<\/div>\n\t\t\t\t<\/div>\n\t\t\t\t<\/div>\n\t\t","protected":false},"excerpt":{"rendered":"<p>POSTGRADO MAESTRIA \/ DOCTORADO Postgrado Maestr\u00eda Ciencias Aeron\u00e1uticas La Maestr\u00eda en Ciencias Aeron\u00e1uticas se centra en los desaf\u00edos del sector aeron\u00e1utico, capacitando a profesionales en la gesti\u00f3n estrat\u00e9gica y serviciosaeroportuarios, con un enfoque multidisciplinario y cient\u00edfico. Ver m\u00e1s Derecho Penal La Maestr\u00eda en Derecho Penal proporciona una formaci\u00f3n integral para profesionales del derecho, especializ\u00e1ndolos en [&hellip;]<\/p>\n","protected":false},"author":1,"featured_media":0,"parent":0,"menu_order":0,"comment_status":"closed","ping_status":"closed","template":"","meta":{"footnotes":""},"class_list":["post-5240","page","type-page","status-publish","hentry"],"_links":{"self":[{"href":"https:\/\/une.edu.ve\/index.php?rest_route=\/wp\/v2\/pages\/5240","targetHints":{"allow":["GET"]}}],"collection":[{"href":"https:\/\/une.edu.ve\/index.php?rest_route=\/wp\/v2\/pages"}],"about":[{"href":"https:\/\/une.edu.ve\/index.php?rest_route=\/wp\/v2\/types\/page"}],"author":[{"embeddable":true,"href":"https:\/\/une.edu.ve\/index.php?rest_route=\/wp\/v2\/users\/1"}],"replies":[{"embeddable":true,"href":"https:\/\/une.edu.ve\/index.php?rest_route=%2Fwp%2Fv2%2Fcomments&post=5240"}],"version-history":[{"count":22,"href":"https:\/\/une.edu.ve\/index.php?rest_route=\/wp\/v2\/pages\/5240\/revisions"}],"predecessor-version":[{"id":5692,"href":"https:\/\/une.edu.ve\/index.php?rest_route=\/wp\/v2\/pages\/5240\/revisions\/5692"}],"wp:attachment":[{"href":"https:\/\/une.edu.ve\/index.php?rest_route=%2Fwp%2Fv2%2Fmedia&parent=5240"}],"curies":[{"name":"wp","href":"https:\/\/api.w.org\/{rel}","templated":true}]}}