{"id":1071,"date":"2023-05-16T09:54:55","date_gmt":"2023-05-16T13:54:55","guid":{"rendered":"http:\/\/une.edu.ve\/?page_id=1071"},"modified":"2023-05-16T09:56:02","modified_gmt":"2023-05-16T13:56:02","slug":"direccion-de-bienestar-estudiantil","status":"publish","type":"page","link":"https:\/\/une.edu.ve\/?page_id=1071","title":{"rendered":"Direcci\u00f3n de Bienestar Estudiantil"},"content":{"rendered":"\t\t<div data-elementor-type=\"wp-page\" data-elementor-id=\"1071\" class=\"elementor elementor-1071\" data-elementor-post-type=\"page\">\n\t\t\t\t<div class=\"elementor-element elementor-element-31090c4 e-flex e-con-boxed e-con e-parent\" data-id=\"31090c4\" data-element_type=\"container\" data-settings=\"{&quot;background_background&quot;:&quot;classic&quot;}\">\n\t\t\t\t\t<div class=\"e-con-inner\">\n\t\t\t\t<div class=\"elementor-element elementor-element-2ebec85 elementor-widget elementor-widget-heading\" data-id=\"2ebec85\" data-element_type=\"widget\" data-widget_type=\"heading.default\">\n\t\t\t\t<div class=\"elementor-widget-container\">\n\t\t\t<h2 class=\"elementor-heading-title elementor-size-default\">Direcci\u00f3n de Bienestar Estudiantil<\/h2>\t\t<\/div>\n\t\t\t\t<\/div>\n\t\t\t\t\t<\/div>\n\t\t\t\t<\/div>\n\t\t<div class=\"elementor-element elementor-element-b3ac011 e-flex e-con-boxed e-con e-parent\" data-id=\"b3ac011\" data-element_type=\"container\">\n\t\t\t\t\t<div class=\"e-con-inner\">\n\t\t\t\t<div class=\"elementor-element elementor-element-3dd5613 elementor-posts--align-center elementor-grid-3 elementor-grid-tablet-2 elementor-grid-mobile-1 elementor-posts--thumbnail-top elementor-widget elementor-widget-posts\" data-id=\"3dd5613\" data-element_type=\"widget\" data-settings=\"{&quot;pagination_type&quot;:&quot;numbers&quot;,&quot;classic_columns&quot;:&quot;3&quot;,&quot;classic_columns_tablet&quot;:&quot;2&quot;,&quot;classic_columns_mobile&quot;:&quot;1&quot;,&quot;classic_row_gap&quot;:{&quot;unit&quot;:&quot;px&quot;,&quot;size&quot;:35,&quot;sizes&quot;:[]},&quot;classic_row_gap_tablet&quot;:{&quot;unit&quot;:&quot;px&quot;,&quot;size&quot;:&quot;&quot;,&quot;sizes&quot;:[]},&quot;classic_row_gap_mobile&quot;:{&quot;unit&quot;:&quot;px&quot;,&quot;size&quot;:&quot;&quot;,&quot;sizes&quot;:[]}}\" data-widget_type=\"posts.classic\">\n\t\t\t\t<div class=\"elementor-widget-container\">\n\t\t\t\t\t<div class=\"elementor-posts-container elementor-posts elementor-posts--skin-classic elementor-grid\">\n\t\t\t\t<article class=\"elementor-post elementor-grid-item post-3661 post type-post status-publish format-standard has-post-thumbnail hentry category-direccion-de-bienestar-estudiantil\">\n\t\t\t\t<a class=\"elementor-post__thumbnail__link\" href=\"https:\/\/une.edu.ve\/?p=3661\" tabindex=\"-1\" >\n\t\t\t<div class=\"elementor-post__thumbnail\"><img fetchpriority=\"high\" decoding=\"async\" width=\"1155\" height=\"860\" src=\"https:\/\/une.edu.ve\/wp-content\/uploads\/2023\/10\/asesorias.png\" class=\"attachment-full size-full wp-image-3662\" alt=\"\" title=\"\" srcset=\"https:\/\/une.edu.ve\/wp-content\/uploads\/2023\/10\/asesorias.png 1155w, https:\/\/une.edu.ve\/wp-content\/uploads\/2023\/10\/asesorias-300x223.png 300w, https:\/\/une.edu.ve\/wp-content\/uploads\/2023\/10\/asesorias-1024x762.png 1024w, https:\/\/une.edu.ve\/wp-content\/uploads\/2023\/10\/asesorias-768x572.png 768w\" sizes=\"(max-width: 1155px) 100vw, 1155px\" \/><\/div>\n\t\t<\/a>\n\t\t\t\t<div class=\"elementor-post__text\">\n\t\t\t\t<h3 class=\"elementor-post__title\">\n\t\t\t<a href=\"https:\/\/une.edu.ve\/?p=3661\" >\n\t\t\t\tLA DIRECCI\u00d3N DE BIENESTAR ESTUDIANTIL UNE OFRECE ASESOR\u00cdAS PERSONALES Y ACAD\u00c9MICAS\t\t\t<\/a>\n\t\t<\/h3>\n\t\t\t\t<div class=\"elementor-post__meta-data\">\n\t\t\t\t\t<span class=\"elementor-post-date\">\n\t\t\t5 de octubre de 2023\t\t<\/span>\n\t\t\t\t<span class=\"elementor-post-avatar\">\n\t\t\tNo hay comentarios\t\t<\/span>\n\t\t\t\t<\/div>\n\t\t\t\t<div class=\"elementor-post__excerpt\">\n\t\t\t<p>La Direcci\u00f3n de Bienestar Estudiantil de la UNE ofrece apoyo y asesor\u00edas personales a toda la comunidad Uneista, con sus dos profesionales en Psicolog\u00eda y<\/p>\n\t\t<\/div>\n\t\t\n\t\t<a class=\"elementor-post__read-more\" href=\"https:\/\/une.edu.ve\/?p=3661\" aria-label=\"Read more about LA DIRECCI\u00d3N DE BIENESTAR ESTUDIANTIL UNE OFRECE ASESOR\u00cdAS PERSONALES Y ACAD\u00c9MICAS\" tabindex=\"-1\" >\n\t\t\tRead More \u00bb\t\t<\/a>\n\n\t\t\t\t<\/div>\n\t\t\t\t<\/article>\n\t\t\t\t<\/div>\n\t\t\n\t\t\t\t<\/div>\n\t\t\t\t<\/div>\n\t\t\t\t\t<\/div>\n\t\t\t\t<\/div>\n\t\t\t\t<\/div>\n\t\t","protected":false},"excerpt":{"rendered":"<p>Direcci\u00f3n de Bienestar Estudiantil<\/p>\n","protected":false},"author":1,"featured_media":0,"parent":0,"menu_order":0,"comment_status":"closed","ping_status":"closed","template":"","meta":{"footnotes":""},"class_list":["post-1071","page","type-page","status-publish","hentry"],"_links":{"self":[{"href":"https:\/\/une.edu.ve\/index.php?rest_route=\/wp\/v2\/pages\/1071","targetHints":{"allow":["GET"]}}],"collection":[{"href":"https:\/\/une.edu.ve\/index.php?rest_route=\/wp\/v2\/pages"}],"about":[{"href":"https:\/\/une.edu.ve\/index.php?rest_route=\/wp\/v2\/types\/page"}],"author":[{"embeddable":true,"href":"https:\/\/une.edu.ve\/index.php?rest_route=\/wp\/v2\/users\/1"}],"replies":[{"embeddable":true,"href":"https:\/\/une.edu.ve\/index.php?rest_route=%2Fwp%2Fv2%2Fcomments&post=1071"}],"version-history":[{"count":4,"href":"https:\/\/une.edu.ve\/index.php?rest_route=\/wp\/v2\/pages\/1071\/revisions"}],"predecessor-version":[{"id":1077,"href":"https:\/\/une.edu.ve\/index.php?rest_route=\/wp\/v2\/pages\/1071\/revisions\/1077"}],"wp:attachment":[{"href":"https:\/\/une.edu.ve\/index.php?rest_route=%2Fwp%2Fv2%2Fmedia&parent=1071"}],"curies":[{"name":"wp","href":"https:\/\/api.w.org\/{rel}","templated":true}]}}