{"id":1035,"date":"2023-05-16T09:35:49","date_gmt":"2023-05-16T13:35:49","guid":{"rendered":"http:\/\/une.edu.ve\/?page_id=1035"},"modified":"2023-06-05T10:43:34","modified_gmt":"2023-06-05T14:43:34","slug":"coordinacion-de-servicio-comunitario","status":"publish","type":"page","link":"https:\/\/une.edu.ve\/?page_id=1035","title":{"rendered":"Coordinaci\u00f3n de Servicio Comunitario"},"content":{"rendered":"\t\t<div data-elementor-type=\"wp-page\" data-elementor-id=\"1035\" class=\"elementor elementor-1035\" data-elementor-post-type=\"page\">\n\t\t\t\t<div class=\"elementor-element elementor-element-efb52be e-flex e-con-boxed e-con e-parent\" data-id=\"efb52be\" data-element_type=\"container\" data-settings=\"{&quot;background_background&quot;:&quot;classic&quot;}\">\n\t\t\t\t\t<div class=\"e-con-inner\">\n\t\t\t\t<div class=\"elementor-element elementor-element-03d1752 elementor-widget elementor-widget-heading\" data-id=\"03d1752\" data-element_type=\"widget\" data-widget_type=\"heading.default\">\n\t\t\t\t<div class=\"elementor-widget-container\">\n\t\t\t<h2 class=\"elementor-heading-title elementor-size-default\">Coordinaci\u00f3n de Servicio Comunitario<\/h2>\t\t<\/div>\n\t\t\t\t<\/div>\n\t\t\t\t\t<\/div>\n\t\t\t\t<\/div>\n\t\t<div class=\"elementor-element elementor-element-2d4328e e-flex e-con-boxed e-con e-parent\" data-id=\"2d4328e\" data-element_type=\"container\">\n\t\t\t\t\t<div class=\"e-con-inner\">\n\t\t\t\t<div class=\"elementor-element elementor-element-050b09f elementor-grid-3 elementor-grid-tablet-2 elementor-grid-mobile-1 elementor-widget elementor-widget-loop-grid\" data-id=\"050b09f\" data-element_type=\"widget\" data-settings=\"{&quot;template_id&quot;:1135,&quot;_skin&quot;:&quot;post&quot;,&quot;columns&quot;:&quot;3&quot;,&quot;columns_tablet&quot;:&quot;2&quot;,&quot;columns_mobile&quot;:&quot;1&quot;,&quot;edit_handle_selector&quot;:&quot;[data-elementor-type=\\&quot;loop-item\\&quot;]&quot;,&quot;row_gap&quot;:{&quot;unit&quot;:&quot;px&quot;,&quot;size&quot;:&quot;&quot;,&quot;sizes&quot;:[]},&quot;row_gap_tablet&quot;:{&quot;unit&quot;:&quot;px&quot;,&quot;size&quot;:&quot;&quot;,&quot;sizes&quot;:[]},&quot;row_gap_mobile&quot;:{&quot;unit&quot;:&quot;px&quot;,&quot;size&quot;:&quot;&quot;,&quot;sizes&quot;:[]}}\" data-widget_type=\"loop-grid.post\">\n\t\t\t\t<div class=\"elementor-widget-container\">\n\t\t\t\t\t<div class=\"elementor-loop-container elementor-grid\">\n\t\t<style id=\"loop-1135\">.elementor-1135 .elementor-element.elementor-element-07cac59{--display:flex;--flex-direction:column;--container-widget-width:100%;--container-widget-height:initial;--container-widget-flex-grow:0;--container-widget-align-self:initial;--flex-wrap-mobile:wrap;--gap:0px 0px;--overflow:hidden;--background-transition:0.3s;--border-radius:20px 20px 20px 20px;box-shadow:0px 5px 3px 0px rgba(0,0,0,0.5);--padding-top:0px;--padding-bottom:0px;--padding-left:0px;--padding-right:0px;}.elementor-1135 .elementor-element.elementor-element-07cac59:not(.elementor-motion-effects-element-type-background), .elementor-1135 .elementor-element.elementor-element-07cac59 > .elementor-motion-effects-container > .elementor-motion-effects-layer{background-color:#FFFFFF;}.elementor-1135 .elementor-element.elementor-element-07cac59, .elementor-1135 .elementor-element.elementor-element-07cac59::before{--border-transition:0.3s;}.elementor-widget-theme-post-featured-image .widget-image-caption{color:var( --e-global-color-text );font-family:var( --e-global-typography-text-font-family ), Sans-serif;font-weight:var( --e-global-typography-text-font-weight );}.elementor-1135 .elementor-element.elementor-element-9eb7160 img{height:250px;object-fit:cover;object-position:center center;}.elementor-1135 .elementor-element.elementor-element-236886c{--display:flex;--background-transition:0.3s;--margin-top:-0px;--margin-bottom:0px;--margin-left:0px;--margin-right:0px;--padding-top:20px;--padding-bottom:20px;--padding-left:20px;--padding-right:20px;}.elementor-1135 .elementor-element.elementor-element-236886c:not(.elementor-motion-effects-element-type-background), .elementor-1135 .elementor-element.elementor-element-236886c > .elementor-motion-effects-container > .elementor-motion-effects-layer{background-color:#FFFFFF;}.elementor-1135 .elementor-element.elementor-element-236886c, .elementor-1135 .elementor-element.elementor-element-236886c::before{--border-transition:0.3s;}.elementor-widget-heading .elementor-heading-title{color:var( --e-global-color-primary );font-family:var( --e-global-typography-primary-font-family ), Sans-serif;font-weight:var( --e-global-typography-primary-font-weight );}.elementor-1135 .elementor-element.elementor-element-5d7552f > .elementor-widget-container{padding:0px 0px 0px 0px;}.elementor-1135 .elementor-element.elementor-element-5d7552f{text-align:left;}.elementor-1135 .elementor-element.elementor-element-5d7552f .elementor-heading-title{color:#007587;font-family:\"Montserrat\", Sans-serif;font-size:15px;font-weight:700;}.elementor-widget-post-info .elementor-icon-list-item:not(:last-child):after{border-color:var( --e-global-color-text );}.elementor-widget-post-info .elementor-icon-list-icon i{color:var( --e-global-color-primary );}.elementor-widget-post-info .elementor-icon-list-icon svg{fill:var( --e-global-color-primary );}.elementor-widget-post-info .elementor-icon-list-text, .elementor-widget-post-info .elementor-icon-list-text a{color:var( --e-global-color-secondary );}.elementor-widget-post-info .elementor-icon-list-item{font-family:var( --e-global-typography-text-font-family ), Sans-serif;font-weight:var( --e-global-typography-text-font-weight );}.elementor-1135 .elementor-element.elementor-element-f098fdc .elementor-icon-list-icon{width:14px;}.elementor-1135 .elementor-element.elementor-element-f098fdc .elementor-icon-list-icon i{font-size:14px;}.elementor-1135 .elementor-element.elementor-element-f098fdc .elementor-icon-list-icon svg{--e-icon-list-icon-size:14px;}.elementor-1135 .elementor-element.elementor-element-f098fdc .elementor-icon-list-item{font-family:\"Montserrat\", Sans-serif;font-size:18px;font-weight:700;}.elementor-widget-theme-post-excerpt .elementor-widget-container{color:var( --e-global-color-text );font-family:var( --e-global-typography-text-font-family ), Sans-serif;font-weight:var( --e-global-typography-text-font-weight );}.elementor-1135 .elementor-element.elementor-element-918c5b4 > .elementor-widget-container{padding:0px 0px 0px 10px;}.elementor-1135 .elementor-element.elementor-element-918c5b4 .elementor-widget-container{text-align:left;color:#000000;font-family:\"Montserrat\", Sans-serif;font-size:15px;font-weight:300;}\/* Start custom CSS for container, class: .elementor-element-236886c *\/.infon{\n    \n    margin-top: -70px !important;\n        transition: all .4s;\n    \n}\n\n.infon:hover{\n    \n    margin-top: -170px !important;\n    transition: all .4s;\n    \n}\/* End custom CSS *\/\n\/* Start custom CSS for container, class: .elementor-element-07cac59 *\/.noticia-con{\n    \nheight: 250px;\nmax-height: 250px; \n    \n}\/* End custom CSS *\/<\/style>\t\t<div data-elementor-type=\"loop-item\" data-elementor-id=\"1135\" class=\"elementor elementor-1135 e-loop-item e-loop-item-6425 post-6425 post type-post status-publish format-standard hentry category-coordinacion-de-servicio-comunitario\" data-elementor-post-type=\"elementor_library\" data-custom-edit-handle=\"1\">\n\t\t\t<div class=\"elementor-element elementor-element-07cac59 noticia-con e-flex e-con-boxed e-con e-parent\" data-id=\"07cac59\" data-element_type=\"container\" data-settings=\"{&quot;background_background&quot;:&quot;classic&quot;}\">\n\t\t\t\t\t<div class=\"e-con-inner\">\n\t\t<div class=\"elementor-element elementor-element-236886c e-con-full infon e-flex e-con e-child\" data-id=\"236886c\" data-element_type=\"container\" data-settings=\"{&quot;background_background&quot;:&quot;classic&quot;}\">\n\t\t\t\t<div class=\"elementor-element elementor-element-5d7552f elementor-widget elementor-widget-heading\" data-id=\"5d7552f\" data-element_type=\"widget\" data-widget_type=\"heading.default\">\n\t\t\t\t<div class=\"elementor-widget-container\">\n\t\t\t<h6 class=\"elementor-heading-title elementor-size-default\"><a href=\"https:\/\/une.edu.ve\/?p=6425\">Competencias del Administrador y su vinculaci\u00f3n con el servicio comunitario<\/a><\/h6>\t\t<\/div>\n\t\t\t\t<\/div>\n\t\t\t\t<div class=\"elementor-element elementor-element-f098fdc elementor-widget elementor-widget-post-info\" data-id=\"f098fdc\" data-element_type=\"widget\" data-widget_type=\"post-info.default\">\n\t\t\t\t<div class=\"elementor-widget-container\">\n\t\t\t\t\t<ul class=\"elementor-inline-items elementor-icon-list-items elementor-post-info\">\n\t\t\t\t\t\t\t\t<li class=\"elementor-icon-list-item elementor-repeater-item-b10639c elementor-inline-item\" itemprop=\"datePublished\">\n\t\t\t\t\t\t<a href=\"https:\/\/une.edu.ve\/?m=20250927\">\n\t\t\t\t\t\t\t\t\t\t\t\t\t\t<span class=\"elementor-icon-list-text elementor-post-info__item elementor-post-info__item--type-date\">\n\t\t\t\t\t\t\t\t\t\t<time>septiembre 27, 2025<\/time>\t\t\t\t\t<\/span>\n\t\t\t\t\t\t\t\t\t<\/a>\n\t\t\t\t<\/li>\n\t\t\t\t<\/ul>\n\t\t\t\t<\/div>\n\t\t\t\t<\/div>\n\t\t\t\t<div class=\"elementor-element elementor-element-918c5b4 elementor-widget elementor-widget-theme-post-excerpt\" data-id=\"918c5b4\" data-element_type=\"widget\" data-widget_type=\"theme-post-excerpt.default\">\n\t\t\t\t<div class=\"elementor-widget-container\">\n\t\t\t<p>Las competencias centrales de un administrador -el iderazgo, la toma de decisiones, la gesti\u00f3n de...\t\t<\/div>\n\t\t\t\t<\/div>\n\t\t\t\t<\/div>\n\t\t\t\t\t<\/div>\n\t\t\t\t<\/div>\n\t\t\t\t<\/div>\n\t\t\t\t<div data-elementor-type=\"loop-item\" data-elementor-id=\"1135\" class=\"elementor elementor-1135 e-loop-item e-loop-item-6421 post-6421 post type-post status-publish format-standard hentry category-coordinacion-de-servicio-comunitario\" data-elementor-post-type=\"elementor_library\" data-custom-edit-handle=\"1\">\n\t\t\t<div class=\"elementor-element elementor-element-07cac59 noticia-con e-flex e-con-boxed e-con e-parent\" data-id=\"07cac59\" data-element_type=\"container\" data-settings=\"{&quot;background_background&quot;:&quot;classic&quot;}\">\n\t\t\t\t\t<div class=\"e-con-inner\">\n\t\t<div class=\"elementor-element elementor-element-236886c e-con-full infon e-flex e-con e-child\" data-id=\"236886c\" data-element_type=\"container\" data-settings=\"{&quot;background_background&quot;:&quot;classic&quot;}\">\n\t\t\t\t<div class=\"elementor-element elementor-element-5d7552f elementor-widget elementor-widget-heading\" data-id=\"5d7552f\" data-element_type=\"widget\" data-widget_type=\"heading.default\">\n\t\t\t\t<div class=\"elementor-widget-container\">\n\t\t\t<h6 class=\"elementor-heading-title elementor-size-default\"><a href=\"https:\/\/une.edu.ve\/?p=6421\">Competencias del Administrador de Empresas  Tur\u00edsticas y su vinculaci\u00f3n con el servicio comunitario.<\/a><\/h6>\t\t<\/div>\n\t\t\t\t<\/div>\n\t\t\t\t<div class=\"elementor-element elementor-element-f098fdc elementor-widget elementor-widget-post-info\" data-id=\"f098fdc\" data-element_type=\"widget\" data-widget_type=\"post-info.default\">\n\t\t\t\t<div class=\"elementor-widget-container\">\n\t\t\t\t\t<ul class=\"elementor-inline-items elementor-icon-list-items elementor-post-info\">\n\t\t\t\t\t\t\t\t<li class=\"elementor-icon-list-item elementor-repeater-item-b10639c elementor-inline-item\" itemprop=\"datePublished\">\n\t\t\t\t\t\t<a href=\"https:\/\/une.edu.ve\/?m=20250927\">\n\t\t\t\t\t\t\t\t\t\t\t\t\t\t<span class=\"elementor-icon-list-text elementor-post-info__item elementor-post-info__item--type-date\">\n\t\t\t\t\t\t\t\t\t\t<time>septiembre 27, 2025<\/time>\t\t\t\t\t<\/span>\n\t\t\t\t\t\t\t\t\t<\/a>\n\t\t\t\t<\/li>\n\t\t\t\t<\/ul>\n\t\t\t\t<\/div>\n\t\t\t\t<\/div>\n\t\t\t\t<div class=\"elementor-element elementor-element-918c5b4 elementor-widget elementor-widget-theme-post-excerpt\" data-id=\"918c5b4\" data-element_type=\"widget\" data-widget_type=\"theme-post-excerpt.default\">\n\t\t\t\t<div class=\"elementor-widget-container\">\n\t\t\t<p>La formaci\u00f3n en Administraci\u00f3n de Empresas Tur\u00edsticas, con sus competencias en gesti\u00f3n empresarial, marketing, sostenibilidad,...\t\t<\/div>\n\t\t\t\t<\/div>\n\t\t\t\t<\/div>\n\t\t\t\t\t<\/div>\n\t\t\t\t<\/div>\n\t\t\t\t<\/div>\n\t\t\t\t<div data-elementor-type=\"loop-item\" data-elementor-id=\"1135\" class=\"elementor elementor-1135 e-loop-item e-loop-item-6418 post-6418 post type-post status-publish format-standard hentry category-coordinacion-de-servicio-comunitario\" data-elementor-post-type=\"elementor_library\" data-custom-edit-handle=\"1\">\n\t\t\t<div class=\"elementor-element elementor-element-07cac59 noticia-con e-flex e-con-boxed e-con e-parent\" data-id=\"07cac59\" data-element_type=\"container\" data-settings=\"{&quot;background_background&quot;:&quot;classic&quot;}\">\n\t\t\t\t\t<div class=\"e-con-inner\">\n\t\t<div class=\"elementor-element elementor-element-236886c e-con-full infon e-flex e-con e-child\" data-id=\"236886c\" data-element_type=\"container\" data-settings=\"{&quot;background_background&quot;:&quot;classic&quot;}\">\n\t\t\t\t<div class=\"elementor-element elementor-element-5d7552f elementor-widget elementor-widget-heading\" data-id=\"5d7552f\" data-element_type=\"widget\" data-widget_type=\"heading.default\">\n\t\t\t\t<div class=\"elementor-widget-container\">\n\t\t\t<h6 class=\"elementor-heading-title elementor-size-default\"><a href=\"https:\/\/une.edu.ve\/?p=6418\">Competencias del Licenciado en Computaci\u00f3n y su vinculaci\u00f3n con el servicio comunitario<\/a><\/h6>\t\t<\/div>\n\t\t\t\t<\/div>\n\t\t\t\t<div class=\"elementor-element elementor-element-f098fdc elementor-widget elementor-widget-post-info\" data-id=\"f098fdc\" data-element_type=\"widget\" data-widget_type=\"post-info.default\">\n\t\t\t\t<div class=\"elementor-widget-container\">\n\t\t\t\t\t<ul class=\"elementor-inline-items elementor-icon-list-items elementor-post-info\">\n\t\t\t\t\t\t\t\t<li class=\"elementor-icon-list-item elementor-repeater-item-b10639c elementor-inline-item\" itemprop=\"datePublished\">\n\t\t\t\t\t\t<a href=\"https:\/\/une.edu.ve\/?m=20250927\">\n\t\t\t\t\t\t\t\t\t\t\t\t\t\t<span class=\"elementor-icon-list-text elementor-post-info__item elementor-post-info__item--type-date\">\n\t\t\t\t\t\t\t\t\t\t<time>septiembre 27, 2025<\/time>\t\t\t\t\t<\/span>\n\t\t\t\t\t\t\t\t\t<\/a>\n\t\t\t\t<\/li>\n\t\t\t\t<\/ul>\n\t\t\t\t<\/div>\n\t\t\t\t<\/div>\n\t\t\t\t<div class=\"elementor-element elementor-element-918c5b4 elementor-widget elementor-widget-theme-post-excerpt\" data-id=\"918c5b4\" data-element_type=\"widget\" data-widget_type=\"theme-post-excerpt.default\">\n\t\t\t\t<div class=\"elementor-widget-container\">\n\t\t\t<p>Las competencias en Desarrollo de Software, Dise\u00f1o y Mantenimiento de Sistemas Inform\u00e1ticos, Gesti\u00f3n de Proyectos...\t\t<\/div>\n\t\t\t\t<\/div>\n\t\t\t\t<\/div>\n\t\t\t\t\t<\/div>\n\t\t\t\t<\/div>\n\t\t\t\t<\/div>\n\t\t\t\t<\/div>\n\t\t\n\t\t\t\t<\/div>\n\t\t\t\t<\/div>\n\t\t\t\t\t<\/div>\n\t\t\t\t<\/div>\n\t\t\t\t<\/div>\n\t\t","protected":false},"excerpt":{"rendered":"<p>Coordinaci\u00f3n de Servicio Comunitario<\/p>\n","protected":false},"author":1,"featured_media":0,"parent":0,"menu_order":0,"comment_status":"closed","ping_status":"closed","template":"","meta":{"footnotes":""},"class_list":["post-1035","page","type-page","status-publish","hentry"],"_links":{"self":[{"href":"https:\/\/une.edu.ve\/index.php?rest_route=\/wp\/v2\/pages\/1035","targetHints":{"allow":["GET"]}}],"collection":[{"href":"https:\/\/une.edu.ve\/index.php?rest_route=\/wp\/v2\/pages"}],"about":[{"href":"https:\/\/une.edu.ve\/index.php?rest_route=\/wp\/v2\/types\/page"}],"author":[{"embeddable":true,"href":"https:\/\/une.edu.ve\/index.php?rest_route=\/wp\/v2\/users\/1"}],"replies":[{"embeddable":true,"href":"https:\/\/une.edu.ve\/index.php?rest_route=%2Fwp%2Fv2%2Fcomments&post=1035"}],"version-history":[{"count":10,"href":"https:\/\/une.edu.ve\/index.php?rest_route=\/wp\/v2\/pages\/1035\/revisions"}],"predecessor-version":[{"id":1201,"href":"https:\/\/une.edu.ve\/index.php?rest_route=\/wp\/v2\/pages\/1035\/revisions\/1201"}],"wp:attachment":[{"href":"https:\/\/une.edu.ve\/index.php?rest_route=%2Fwp%2Fv2%2Fmedia&parent=1035"}],"curies":[{"name":"wp","href":"https:\/\/api.w.org\/{rel}","templated":true}]}}